{"id":1767,"date":"2021-09-03T20:07:31","date_gmt":"2021-09-03T20:07:31","guid":{"rendered":"https:\/\/firesupplyhouse.com\/?post_type=product&#038;p=1767"},"modified":"2024-04-11T17:14:50","modified_gmt":"2024-04-11T17:14:50","slug":"403-11-pneumatic-remote-control-valve","status":"publish","type":"product","link":"https:\/\/firesupplyhouse.com\/es\/producto\/403-11-pneumatic-remote-control-valve\/","title":{"rendered":"V\u00e1lvula neum\u00e1tica de control remoto Ref: 403-11"},"content":{"rendered":"","protected":false},"excerpt":{"rendered":"<p>La v\u00e1lvula de control remoto Cla-Val 403-11 se usa donde se requiere un control de \u201cencendido-apagado\u201d. Las se\u00f1ales de presi\u00f3n de un control remoto \u201cabren o cierran\u201d una peque\u00f1a v\u00e1lvula auxiliar instalada en la tapa de la v\u00e1lvula principal, que a su vez abre o cierra la v\u00e1lvula principal. Solo la peque\u00f1a cantidad de fluido en la tapa de la v\u00e1lvula auxiliar debe pasar a trav\u00e9s del piloto de control remoto para abrir o cerrar completamente la v\u00e1lvula principal m\u00e1s grande.<\/p>","protected":false},"featured_media":1769,"template":"","meta":{"_et_pb_use_builder":"off","_et_pb_old_content":"Globe Valve, Bronze Body, 175 PSI, Threaded End, EPDM Seated Seal, NIBCO brand, 1\/4 \" and  3\/8\" Diameters.","_et_gb_content_width":"","_joinchat":[]},"_links":{"self":[{"href":"https:\/\/firesupplyhouse.com\/es\/wp-json\/wp\/v2\/product\/1767"}],"collection":[{"href":"https:\/\/firesupplyhouse.com\/es\/wp-json\/wp\/v2\/product"}],"about":[{"href":"https:\/\/firesupplyhouse.com\/es\/wp-json\/wp\/v2\/types\/product"}],"wp:featuredmedia":[{"embeddable":true,"href":"https:\/\/firesupplyhouse.com\/es\/wp-json\/wp\/v2\/media\/1769"}],"wp:attachment":[{"href":"https:\/\/firesupplyhouse.com\/es\/wp-json\/wp\/v2\/media?parent=1767"}],"curies":[{"name":"wp","href":"https:\/\/api.w.org\/{rel}","templated":true}]}}