{"id":1918,"date":"2021-09-30T16:03:00","date_gmt":"2021-09-30T16:03:00","guid":{"rendered":"https:\/\/firesupplyhouse.com\/?post_type=product&#038;p=1918"},"modified":"2024-04-11T16:31:45","modified_gmt":"2024-04-11T16:31:45","slug":"90-adj-prv-15-field-adjustable-pressure-reducing-valve","status":"publish","type":"product","link":"https:\/\/firesupplyhouse.com\/es\/producto\/90-adj-prv-15-field-adjustable-pressure-reducing-valve\/","title":{"rendered":"V\u00e1lvula Reductora de Presi\u00f3n Ajustable en Campo Ref: 90-ADJ-PRV-15"},"content":{"rendered":"<p>El Cla-Val 1 \u00bd \u201dModelo 90-ADJ-PRV-15 cuenta con un cuerpo con acabado de lat\u00f3n forjado con conjunto de asiento y bonete Forgeline. La presi\u00f3n del agua del sistema se controla ajustando la restricci\u00f3n de flujo; sin embargo, si se requiere un flujo total, la restricci\u00f3n puede anularse. Este dise\u00f1o de servicio pesado se prueba en f\u00e1brica a 300 psi (2070 KPa). Tambi\u00e9n est\u00e1 listado por UL \/ ULC. El cuerpo de lat\u00f3n es est\u00e1ndar, pero se puede suministrar con un acabado en cromo pulido, cromo fundido o lat\u00f3n pulido.<\/p>\n<p>&nbsp;<\/p>","protected":false},"excerpt":{"rendered":"<p>El Cla-Val 1 \u00bd \u201dModelo 90-ADJ-PRV-15 cuenta con un cuerpo con acabado de lat\u00f3n forjado con conjunto de asiento y bonete Forgeline. La presi\u00f3n del agua del sistema se controla ajustando la restricci\u00f3n de flujo; sin embargo, si se requiere un flujo total, la restricci\u00f3n puede anularse. Este dise\u00f1o de servicio pesado se prueba en f\u00e1brica a 300 psi (2070 KPa). Tambi\u00e9n est\u00e1 listado por UL \/ ULC. El cuerpo de lat\u00f3n es est\u00e1ndar, pero se puede suministrar con un acabado en cromo pulido, cromo fundido o lat\u00f3n pulido.<\/p>","protected":false},"featured_media":1919,"template":"","meta":{"_et_pb_use_builder":"off","_et_pb_old_content":"Globe Valve, Bronze Body, 175 PSI, Threaded End, EPDM Seated Seal, NIBCO brand, 1\/4 \" and  3\/8\" Diameters.","_et_gb_content_width":"","_joinchat":[]},"_links":{"self":[{"href":"https:\/\/firesupplyhouse.com\/es\/wp-json\/wp\/v2\/product\/1918"}],"collection":[{"href":"https:\/\/firesupplyhouse.com\/es\/wp-json\/wp\/v2\/product"}],"about":[{"href":"https:\/\/firesupplyhouse.com\/es\/wp-json\/wp\/v2\/types\/product"}],"wp:featuredmedia":[{"embeddable":true,"href":"https:\/\/firesupplyhouse.com\/es\/wp-json\/wp\/v2\/media\/1919"}],"wp:attachment":[{"href":"https:\/\/firesupplyhouse.com\/es\/wp-json\/wp\/v2\/media?parent=1918"}],"curies":[{"name":"wp","href":"https:\/\/api.w.org\/{rel}","templated":true}]}}