{"id":1929,"date":"2021-09-30T16:58:08","date_gmt":"2021-09-30T16:58:08","guid":{"rendered":"https:\/\/firesupplyhouse.com\/?post_type=product&#038;p=1929"},"modified":"2024-04-11T16:36:05","modified_gmt":"2024-04-11T16:36:05","slug":"90-prv-175-25-pressure-restricting-valve","status":"publish","type":"product","link":"https:\/\/firesupplyhouse.com\/es\/producto\/90-prv-175-25-pressure-restricting-valve\/","title":{"rendered":"V\u00e1lvula de restricci\u00f3n de presi\u00f3n Ref: 90-PRV-175-25"},"content":{"rendered":"<p>El Cla-Val 2 \u00bd \u201dModelo 90-PRV-175-25 cuenta con un cuerpo con acabado de lat\u00f3n fundido con ensamblaje de asiento y bonete Forgeline. La presi\u00f3n del agua del sistema se controla ajustando la restricci\u00f3n de flujo; sin embargo, si se requiere un flujo total, la restricci\u00f3n puede anularse.<\/p>\n<p>Este dise\u00f1o de servicio pesado se prueba en f\u00e1brica a 300 psi (2070 KPa). Tambi\u00e9n est\u00e1 listado por UL \/ ULC y aprobado por FM.<\/p>\n<p>&nbsp;<\/p>","protected":false},"excerpt":{"rendered":"<p>El Cla-Val 2 \u00bd \u201dModelo 90-PRV-175-25 cuenta con un cuerpo con acabado de lat\u00f3n fundido con ensamblaje de asiento y bonete Forgeline. La presi\u00f3n del agua del sistema se controla ajustando la restricci\u00f3n de flujo; sin embargo, si se requiere un flujo total, la restricci\u00f3n puede anularse.<\/p>\n<p>Este dise\u00f1o de servicio pesado se prueba en f\u00e1brica a 300 psi (2070 KPa). Tambi\u00e9n est\u00e1 listado por UL \/ ULC y aprobado por FM.<\/p>","protected":false},"featured_media":1930,"template":"","meta":{"_et_pb_use_builder":"off","_et_pb_old_content":"Globe Valve, Bronze Body, 175 PSI, Threaded End, EPDM Seated Seal, NIBCO brand, 1\/4 \" and  3\/8\" Diameters.","_et_gb_content_width":"","_joinchat":[]},"_links":{"self":[{"href":"https:\/\/firesupplyhouse.com\/es\/wp-json\/wp\/v2\/product\/1929"}],"collection":[{"href":"https:\/\/firesupplyhouse.com\/es\/wp-json\/wp\/v2\/product"}],"about":[{"href":"https:\/\/firesupplyhouse.com\/es\/wp-json\/wp\/v2\/types\/product"}],"wp:featuredmedia":[{"embeddable":true,"href":"https:\/\/firesupplyhouse.com\/es\/wp-json\/wp\/v2\/media\/1930"}],"wp:attachment":[{"href":"https:\/\/firesupplyhouse.com\/es\/wp-json\/wp\/v2\/media?parent=1929"}],"curies":[{"name":"wp","href":"https:\/\/api.w.org\/{rel}","templated":true}]}}