{"id":1941,"date":"2021-09-30T17:57:41","date_gmt":"2021-09-30T17:57:41","guid":{"rendered":"https:\/\/firesupplyhouse.com\/?post_type=product&#038;p=1941"},"modified":"2024-04-11T16:39:05","modified_gmt":"2024-04-11T16:39:05","slug":"90-21-pressure-reducing-valves","status":"publish","type":"product","link":"https:\/\/firesupplyhouse.com\/es\/producto\/90-21-pressure-reducing-valves\/","title":{"rendered":"V\u00e1lvulas reductoras de presi\u00f3n Ref: 90-21"},"content":{"rendered":"<p>Las v\u00e1lvulas reductoras de presi\u00f3n Cla-Val 90G-21 (globo) y 90A-21 (\u00e1ngulo) reducen autom\u00e1ticamente la presi\u00f3n de entrada m\u00e1s alta a una presi\u00f3n de salida m\u00e1s baja constante independientemente de los cambios en el caudal y \/ o la presi\u00f3n de entrada variable. El sistema de control piloto de las v\u00e1lvulas es muy sensible a ligeras fluctuaciones de presi\u00f3n aguas abajo y se abrir\u00e1 o cerrar\u00e1 autom\u00e1ticamente para mantener el ajuste de presi\u00f3n deseado.<\/p>\n<p>&nbsp;<\/p>","protected":false},"excerpt":{"rendered":"<p>Las v\u00e1lvulas reductoras de presi\u00f3n Cla-Val 90G-21 (globo) y 90A-21 (\u00e1ngulo) reducen autom\u00e1ticamente la presi\u00f3n de entrada m\u00e1s alta a una presi\u00f3n de salida m\u00e1s baja constante independientemente de los cambios en el caudal y \/ o la presi\u00f3n de entrada variable. El sistema de control piloto de las v\u00e1lvulas es muy sensible a ligeras fluctuaciones de presi\u00f3n aguas abajo y se abrir\u00e1 o cerrar\u00e1 autom\u00e1ticamente para mantener el ajuste de presi\u00f3n deseado.<\/p>","protected":false},"featured_media":1942,"template":"","meta":{"_et_pb_use_builder":"off","_et_pb_old_content":"Globe Valve, Bronze Body, 175 PSI, Threaded End, EPDM Seated Seal, NIBCO brand, 1\/4 \" and  3\/8\" Diameters.","_et_gb_content_width":"","_joinchat":[]},"_links":{"self":[{"href":"https:\/\/firesupplyhouse.com\/es\/wp-json\/wp\/v2\/product\/1941"}],"collection":[{"href":"https:\/\/firesupplyhouse.com\/es\/wp-json\/wp\/v2\/product"}],"about":[{"href":"https:\/\/firesupplyhouse.com\/es\/wp-json\/wp\/v2\/types\/product"}],"wp:featuredmedia":[{"embeddable":true,"href":"https:\/\/firesupplyhouse.com\/es\/wp-json\/wp\/v2\/media\/1942"}],"wp:attachment":[{"href":"https:\/\/firesupplyhouse.com\/es\/wp-json\/wp\/v2\/media?parent=1941"}],"curies":[{"name":"wp","href":"https:\/\/api.w.org\/{rel}","templated":true}]}}