{"id":1971,"date":"2021-10-04T19:56:01","date_gmt":"2021-10-04T19:56:01","guid":{"rendered":"https:\/\/firesupplyhouse.com\/?post_type=product&#038;p=1971"},"modified":"2024-04-11T16:46:36","modified_gmt":"2024-04-11T16:46:36","slug":"33vb-vacuum-breaker-valve-freshwater","status":"publish","type":"product","link":"https:\/\/firesupplyhouse.com\/es\/producto\/33vb-vacuum-breaker-valve-freshwater\/","title":{"rendered":"V\u00e1lvula rompe-vac\u00edo Ref: 33VB Agua dulce"},"content":{"rendered":"<div class=\"et_pb_module et_pb_text et_pb_text_1 et_pb_text_align_left et_pb_bg_layout_light\">\n<div class=\"et_pb_text_inner\">\n<p>Dise\u00f1ada para proteger las tuber\u00edas del colapso por vac\u00edo en los sistemas de protecci\u00f3n contra incendios, la v\u00e1lvula rompedora de vac\u00edo Cla-Val modelo 33VB evita que se formen condiciones de vac\u00edo en los puntos altos de la tuber\u00eda. El gran orificio de admisi\u00f3n de la v\u00e1lvula admite aire libremente durante el drenaje de la tuber\u00eda.<\/p>\n<\/div>\n<\/div>\n<div class=\"et_pb_module et_pb_text et_pb_text_2 et_pb_text_align_left et_pb_bg_layout_light\"><\/div>\n<div class=\"et_pb_module et_pb_text et_pb_text_3 et_pb_text_align_left et_pb_bg_layout_light\">\n<div class=\"et_pb_text_inner\">\n<p><strong>Los muchos beneficios de la v\u00e1lvula incluyen los siguientes:<\/strong><\/p>\n<p>\u2022 Protecci\u00f3n de vac\u00edo sin restricciones<\/p>\n<p>\u2022 Presi\u00f3n m\u00e1xima de funcionamiento de 400 psi<\/p>\n<p>\u2022 Asiento resistente incluido para cierre herm\u00e9tico<\/p>\n<p>\u2022 El gran orificio de la v\u00e1lvula permite la entrada de aire a un vac\u00edo de 1\/4 psi<\/p>\n<p>\u2022 Cuerpo de hierro d\u00factil recubierto de epoxi est\u00e1ndar<\/p>\n<p>\u2022 F\u00e1cil mantenimiento sin sacarlo de la tuber\u00eda<\/p>\n<\/div>\n<\/div>","protected":false},"excerpt":{"rendered":"<div class=\"et_pb_module et_pb_text et_pb_text_1 et_pb_text_align_left et_pb_bg_layout_light\">\n<div class=\"et_pb_text_inner\">\n<p>Dise\u00f1ada para proteger las tuber\u00edas del colapso por vac\u00edo en los sistemas de protecci\u00f3n contra incendios, la v\u00e1lvula rompedora de vac\u00edo Cla-Val modelo 33VB evita que se formen condiciones de vac\u00edo en los puntos altos de la tuber\u00eda. El gran orificio de admisi\u00f3n de la v\u00e1lvula admite aire libremente durante el drenaje de la tuber\u00eda.<\/p>\n<\/div>\n<\/div>\n<div class=\"et_pb_module et_pb_text et_pb_text_2 et_pb_text_align_left et_pb_bg_layout_light\"><\/div>\n<div class=\"et_pb_module et_pb_text et_pb_text_3 et_pb_text_align_left et_pb_bg_layout_light\">\n<div class=\"et_pb_text_inner\">\n<p><strong>Los muchos beneficios de la v\u00e1lvula incluyen los siguientes:<\/strong><\/p>\n<p>\u2022 Protecci\u00f3n de vac\u00edo sin restricciones<\/p>\n<p>\u2022 Presi\u00f3n m\u00e1xima de funcionamiento de 400 psi<\/p>\n<p>\u2022 Asiento resistente incluido para cierre herm\u00e9tico<\/p>\n<p>\u2022 El gran orificio de la v\u00e1lvula permite la entrada de aire a un vac\u00edo de 1\/4 psi<\/p>\n<p>\u2022 Cuerpo de hierro d\u00factil recubierto de epoxi est\u00e1ndar<\/p>\n<p>\u2022 F\u00e1cil mantenimiento sin sacarlo de la tuber\u00eda<\/p>\n<\/div>\n<\/div>","protected":false},"featured_media":1972,"template":"","meta":{"_et_pb_use_builder":"off","_et_pb_old_content":"Globe Valve, Bronze Body, 175 PSI, Threaded End, EPDM Seated Seal, NIBCO brand, 1\/4 \" and  3\/8\" Diameters.","_et_gb_content_width":"","_joinchat":[]},"_links":{"self":[{"href":"https:\/\/firesupplyhouse.com\/es\/wp-json\/wp\/v2\/product\/1971"}],"collection":[{"href":"https:\/\/firesupplyhouse.com\/es\/wp-json\/wp\/v2\/product"}],"about":[{"href":"https:\/\/firesupplyhouse.com\/es\/wp-json\/wp\/v2\/types\/product"}],"wp:featuredmedia":[{"embeddable":true,"href":"https:\/\/firesupplyhouse.com\/es\/wp-json\/wp\/v2\/media\/1972"}],"wp:attachment":[{"href":"https:\/\/firesupplyhouse.com\/es\/wp-json\/wp\/v2\/media?parent=1971"}],"curies":[{"name":"wp","href":"https:\/\/api.w.org\/{rel}","templated":true}]}}