{"id":2013,"date":"2021-10-05T15:15:36","date_gmt":"2021-10-05T15:15:36","guid":{"rendered":"https:\/\/firesupplyhouse.com\/?post_type=product&#038;p=2013"},"modified":"2024-04-11T16:56:15","modified_gmt":"2024-04-11T16:56:15","slug":"750-20-pressure-relief-valve","status":"publish","type":"product","link":"https:\/\/firesupplyhouse.com\/es\/producto\/750-20-pressure-relief-valve\/","title":{"rendered":"V\u00e1lvula de alivio de presi\u00f3n  Ref: 750-20"},"content":{"rendered":"<p>La v\u00e1lvula de alivio de presi\u00f3n de agua de mar modelo 750-20 de Cla-Val es una v\u00e1lvula de control autom\u00e1tico accionada por piloto operada hidr\u00e1ulicamente dise\u00f1ada espec\u00edficamente para aliviar autom\u00e1ticamente el exceso de presi\u00f3n en los sistemas de bombeo de protecci\u00f3n contra incendios. Controlado por piloto, mantiene constante la presi\u00f3n del sistema en la descarga de la bomba dentro de l\u00edmites muy estrechos a medida que cambian las demandas. La v\u00e1lvula principal consta de un cuerpo de acero inoxidable y solo una parte m\u00f3vil, un revestimiento elastom\u00e9rico o elemento de control.<\/p>\n<p>El modelo Cla-Val 750-20 controlar\u00e1 desde ning\u00fan flujo hasta un flujo completamente abierto sin vibraciones ni golpes en condiciones de flujo bajo. Por esta raz\u00f3n, nunca hay una regi\u00f3n de inestabilidad de control. No hay fricci\u00f3n de tipo deslizante porque la v\u00e1lvula no tiene cojinetes. Las v\u00e1lvulas Cla-Val Modelo 750-20 tienen una excelente resistencia a la cavitaci\u00f3n con un factor Cf de 0.9.<\/p>\n<p>Los controles piloto est\u00e1n completamente conectados de f\u00e1brica y el Cla-Val Modelo 750-20 se env\u00eda completo, listo para su instalaci\u00f3n.<\/p>","protected":false},"excerpt":{"rendered":"<p>La v\u00e1lvula de alivio de presi\u00f3n de agua de mar modelo 750-20 de Cla-Val es una v\u00e1lvula de control autom\u00e1tico accionada por piloto operada hidr\u00e1ulicamente dise\u00f1ada espec\u00edficamente para aliviar autom\u00e1ticamente el exceso de presi\u00f3n en los sistemas de bombeo de protecci\u00f3n contra incendios. Controlado por piloto, mantiene constante la presi\u00f3n del sistema en la descarga de la bomba dentro de l\u00edmites muy estrechos a medida que cambian las demandas. La v\u00e1lvula principal consta de un cuerpo de acero inoxidable y solo una parte m\u00f3vil, un revestimiento elastom\u00e9rico o elemento de control.<\/p>\n<p>El modelo Cla-Val 750-20 controlar\u00e1 desde ning\u00fan flujo hasta un flujo completamente abierto sin vibraciones ni golpes en condiciones de flujo bajo. Por esta raz\u00f3n, nunca hay una regi\u00f3n de inestabilidad de control. No hay fricci\u00f3n de tipo deslizante porque la v\u00e1lvula no tiene cojinetes. Las v\u00e1lvulas Cla-Val Modelo 750-20 tienen una excelente resistencia a la cavitaci\u00f3n con un factor Cf de 0.9.<\/p>\n<p>Los controles piloto est\u00e1n completamente conectados de f\u00e1brica y el Cla-Val Modelo 750-20 se env\u00eda completo, listo para su instalaci\u00f3n.<\/p>","protected":false},"featured_media":2014,"template":"","meta":{"_et_pb_use_builder":"off","_et_pb_old_content":"Globe Valve, Bronze Body, 175 PSI, Threaded End, EPDM Seated Seal, NIBCO brand, 1\/4 \" and  3\/8\" Diameters.","_et_gb_content_width":"","_joinchat":[]},"_links":{"self":[{"href":"https:\/\/firesupplyhouse.com\/es\/wp-json\/wp\/v2\/product\/2013"}],"collection":[{"href":"https:\/\/firesupplyhouse.com\/es\/wp-json\/wp\/v2\/product"}],"about":[{"href":"https:\/\/firesupplyhouse.com\/es\/wp-json\/wp\/v2\/types\/product"}],"wp:featuredmedia":[{"embeddable":true,"href":"https:\/\/firesupplyhouse.com\/es\/wp-json\/wp\/v2\/media\/2014"}],"wp:attachment":[{"href":"https:\/\/firesupplyhouse.com\/es\/wp-json\/wp\/v2\/media?parent=2013"}],"curies":[{"name":"wp","href":"https:\/\/api.w.org\/{rel}","templated":true}]}}