{"id":2017,"date":"2021-10-05T15:51:28","date_gmt":"2021-10-05T15:51:28","guid":{"rendered":"https:\/\/firesupplyhouse.com\/?post_type=product&#038;p=2017"},"modified":"2024-04-11T16:56:45","modified_gmt":"2024-04-11T16:56:45","slug":"crl-55l-pressure-relief-pilot-control","status":"publish","type":"product","link":"https:\/\/firesupplyhouse.com\/es\/producto\/crl-55l-pressure-relief-pilot-control\/","title":{"rendered":"Control piloto de alivio de presi\u00f3n  Ref: CRL y 55L"},"content":{"rendered":"<p>La v\u00e1lvula de alivio de presi\u00f3n Cla-Val modelo 55L (listada en UL, aprobada por FM) es una v\u00e1lvula de alivio de tipo diafragma cargada por resorte de acci\u00f3n directa. La v\u00e1lvula puede instalarse en cualquier posici\u00f3n y se abrir\u00e1 y cerrar\u00e1 dentro de l\u00edmites de presi\u00f3n muy estrechos.<\/p>\n<p>El uso del modelo 55L en un sistema de protecci\u00f3n contra incendios u otros sistemas de tipo cerrado evita la acumulaci\u00f3n de presi\u00f3n cuando la presi\u00f3n de la l\u00ednea excede el ajuste del resorte. La v\u00e1lvula aliviar\u00e1 el exceso de presi\u00f3n a la atm\u00f3sfera evitando da\u00f1os a la red de distribuci\u00f3n.<\/p>","protected":false},"excerpt":{"rendered":"<p>La v\u00e1lvula de alivio de presi\u00f3n Cla-Val modelo 55L (listada en UL, aprobada por FM) es una v\u00e1lvula de alivio de tipo diafragma cargada por resorte de acci\u00f3n directa. La v\u00e1lvula puede instalarse en cualquier posici\u00f3n y se abrir\u00e1 y cerrar\u00e1 dentro de l\u00edmites de presi\u00f3n muy estrechos.<\/p>\n<p>El uso del modelo 55L en un sistema de protecci\u00f3n contra incendios u otros sistemas de tipo cerrado evita la acumulaci\u00f3n de presi\u00f3n cuando la presi\u00f3n de la l\u00ednea excede el ajuste del resorte. La v\u00e1lvula aliviar\u00e1 el exceso de presi\u00f3n a la atm\u00f3sfera evitando da\u00f1os a la red de distribuci\u00f3n.<\/p>","protected":false},"featured_media":2018,"template":"","meta":{"_et_pb_use_builder":"off","_et_pb_old_content":"Globe Valve, Bronze Body, 175 PSI, Threaded End, EPDM Seated Seal, NIBCO brand, 1\/4 \" and  3\/8\" Diameters.","_et_gb_content_width":"","_joinchat":[]},"_links":{"self":[{"href":"https:\/\/firesupplyhouse.com\/es\/wp-json\/wp\/v2\/product\/2017"}],"collection":[{"href":"https:\/\/firesupplyhouse.com\/es\/wp-json\/wp\/v2\/product"}],"about":[{"href":"https:\/\/firesupplyhouse.com\/es\/wp-json\/wp\/v2\/types\/product"}],"wp:featuredmedia":[{"embeddable":true,"href":"https:\/\/firesupplyhouse.com\/es\/wp-json\/wp\/v2\/media\/2018"}],"wp:attachment":[{"href":"https:\/\/firesupplyhouse.com\/es\/wp-json\/wp\/v2\/media?parent=2017"}],"curies":[{"name":"wp","href":"https:\/\/api.w.org\/{rel}","templated":true}]}}