{"id":2027,"date":"2021-10-05T20:28:52","date_gmt":"2021-10-05T20:28:52","guid":{"rendered":"https:\/\/firesupplyhouse.com\/?post_type=product&#038;p=2027"},"modified":"2024-04-11T17:06:54","modified_gmt":"2024-04-11T17:06:54","slug":"ko-anti-cavitation-trim","status":"publish","type":"product","link":"https:\/\/firesupplyhouse.com\/es\/producto\/ko-anti-cavitation-trim\/","title":{"rendered":"Recorte anti-cavitaci\u00f3n Ref: KO"},"content":{"rendered":"<div class=\"et_pb_module et_pb_text et_pb_text_1 et_pb_text_align_left et_pb_bg_layout_light\">\n<div class=\"et_pb_text_inner\">\n<p>Los internos anticavitaci\u00f3n KO de Cla-Val representan una desviaci\u00f3n dram\u00e1tica de los enfoques est\u00e1ndar que se suelen emplear para combatir la cavitaci\u00f3n en v\u00e1lvulas que deben someterse a diferenciales de presi\u00f3n extrema y condiciones de flujo de alta velocidad.<\/p>\n<p>Construido de acero inoxidable 316, el asiento y la gu\u00eda del disco cuentan con manguitos entrelazados dobles que contienen ranuras radiales fundidas que desv\u00edan el flujo interno para chocar contra s\u00ed mismo, disipando inofensivamente el ruido potencial y el da\u00f1o por cavitaci\u00f3n. Las ranuras radiales fundidas crean una ruta de flujo m\u00e1s grande de lo que es posible con los orificios perforados est\u00e1ndar que normalmente emplean otras v\u00e1lvulas anticavitaci\u00f3n actualmente disponibles en el mercado. Las ranuras radiales de dise\u00f1o exclusivo en el asiento y las gu\u00edas del disco tambi\u00e9n reducen la posibilidad de ensuciamiento si hay peque\u00f1as part\u00edculas presentes en el agua.<\/p>\n<p>Los componentes de los internos anticavitaci\u00f3n se pueden adaptar a las v\u00e1lvulas existentes si la aplicaci\u00f3n indica una necesidad adecuada.<\/p>\n<\/div>\n<\/div>\n<div class=\"et_pb_module et_pb_text et_pb_text_2 et_pb_text_align_left et_pb_bg_layout_light\">\n<div class=\"et_pb_text_inner\">\n<h4>Aplicaciones T\u00edpicas:<\/h4>\n<p>\u2022 Estaciones de v\u00e1lvulas reductoras de presi\u00f3n<\/p>\n<p>\u2022 Aplicaciones de v\u00e1lvulas de llenado de tanques<\/p>\n<p>\u2022 Reducci\u00f3n de ruido en estaciones de v\u00e1lvulas de edificios de gran altura<\/p>\n<p>\u2022 Aplicaciones de la v\u00e1lvula de control de nivel de dep\u00f3sito<\/p>\n<p>\u2022 Estaciones de derivaci\u00f3n de bombas de refuerzo<\/p>\n<p>\u2022 Protecci\u00f3n de la v\u00e1lvula de alivio de la bomba contra incendios costa afuera<\/p>\n<p>\u2022 Aplicaciones con descarga a la atm\u00f3sfera<\/p>\n<p>\u2022 Cualquier aplicaci\u00f3n donde las v\u00e1lvulas est\u00e9n sujetas a diferenciales de presi\u00f3n extrema o condiciones de flujo de alta velocidad<\/p>\n<\/div>\n<\/div>","protected":false},"excerpt":{"rendered":"<div class=\"et_pb_module et_pb_text et_pb_text_1 et_pb_text_align_left et_pb_bg_layout_light\">\n<div class=\"et_pb_text_inner\">\n<p>Los internos anticavitaci\u00f3n KO de Cla-Val representan una desviaci\u00f3n dram\u00e1tica de los enfoques est\u00e1ndar que se suelen emplear para combatir la cavitaci\u00f3n en v\u00e1lvulas que deben someterse a diferenciales de presi\u00f3n extrema y condiciones de flujo de alta velocidad.<\/p>\n<p>Construido de acero inoxidable 316, el asiento y la gu\u00eda del disco cuentan con manguitos entrelazados dobles que contienen ranuras radiales fundidas que desv\u00edan el flujo interno para chocar contra s\u00ed mismo, disipando inofensivamente el ruido potencial y el da\u00f1o por cavitaci\u00f3n. Las ranuras radiales fundidas crean una ruta de flujo m\u00e1s grande de lo que es posible con los orificios perforados est\u00e1ndar que normalmente emplean otras v\u00e1lvulas anticavitaci\u00f3n actualmente disponibles en el mercado. Las ranuras radiales de dise\u00f1o exclusivo en el asiento y las gu\u00edas del disco tambi\u00e9n reducen la posibilidad de ensuciamiento si hay peque\u00f1as part\u00edculas presentes en el agua.<\/p>\n<p>Los componentes de los internos anticavitaci\u00f3n se pueden adaptar a las v\u00e1lvulas existentes si la aplicaci\u00f3n indica una necesidad adecuada.<\/p>\n<\/div>\n<\/div>\n<div class=\"et_pb_module et_pb_text et_pb_text_2 et_pb_text_align_left et_pb_bg_layout_light\">\n<div class=\"et_pb_text_inner\">\n<h4>Aplicaciones T\u00edpicas:<\/h4>\n<p>\u2022 Estaciones de v\u00e1lvulas reductoras de presi\u00f3n<\/p>\n<p>\u2022 Aplicaciones de v\u00e1lvulas de llenado de tanques<\/p>\n<p>\u2022 Reducci\u00f3n de ruido en estaciones de v\u00e1lvulas de edificios de gran altura<\/p>\n<p>\u2022 Aplicaciones de la v\u00e1lvula de control de nivel de dep\u00f3sito<\/p>\n<p>\u2022 Estaciones de derivaci\u00f3n de bombas de refuerzo<\/p>\n<p>\u2022 Protecci\u00f3n de la v\u00e1lvula de alivio de la bomba contra incendios costa afuera<\/p>\n<p>\u2022 Aplicaciones con descarga a la atm\u00f3sfera<\/p>\n<p>\u2022 Cualquier aplicaci\u00f3n donde las v\u00e1lvulas est\u00e9n sujetas a diferenciales de presi\u00f3n extrema o condiciones de flujo de alta velocidad<\/p>\n<\/div>\n<\/div>","protected":false},"featured_media":2029,"template":"","meta":{"_et_pb_use_builder":"off","_et_pb_old_content":"Globe Valve, Bronze Body, 175 PSI, Threaded End, EPDM Seated Seal, NIBCO brand, 1\/4 \" and  3\/8\" Diameters.","_et_gb_content_width":"","_joinchat":[]},"_links":{"self":[{"href":"https:\/\/firesupplyhouse.com\/es\/wp-json\/wp\/v2\/product\/2027"}],"collection":[{"href":"https:\/\/firesupplyhouse.com\/es\/wp-json\/wp\/v2\/product"}],"about":[{"href":"https:\/\/firesupplyhouse.com\/es\/wp-json\/wp\/v2\/types\/product"}],"wp:featuredmedia":[{"embeddable":true,"href":"https:\/\/firesupplyhouse.com\/es\/wp-json\/wp\/v2\/media\/2029"}],"wp:attachment":[{"href":"https:\/\/firesupplyhouse.com\/es\/wp-json\/wp\/v2\/media?parent=2027"}],"curies":[{"name":"wp","href":"https:\/\/api.w.org\/{rel}","templated":true}]}}