{"id":2030,"date":"2021-10-05T20:40:04","date_gmt":"2021-10-05T20:40:04","guid":{"rendered":"https:\/\/firesupplyhouse.com\/?post_type=product&#038;p=2030"},"modified":"2024-04-11T17:08:03","modified_gmt":"2024-04-11T17:08:03","slug":"x141-pressure-gauge","status":"publish","type":"product","link":"https:\/\/firesupplyhouse.com\/es\/producto\/x141-pressure-gauge\/","title":{"rendered":"Man\u00f3metro Ref: X141"},"content":{"rendered":"<p>El man\u00f3metro de acero inoxidable X141, disponible en tama\u00f1os de 2.5 y 4 pulgadas, es una soluci\u00f3n f\u00e1cilmente reequipable en aplicaciones donde se desea una indicaci\u00f3n visual de presi\u00f3n.<\/p>","protected":false},"excerpt":{"rendered":"<p>El man\u00f3metro de acero inoxidable X141, disponible en tama\u00f1os de 2.5 y 4 pulgadas, es una soluci\u00f3n f\u00e1cilmente reequipable en aplicaciones donde se desea una indicaci\u00f3n visual de presi\u00f3n.<\/p>","protected":false},"featured_media":2032,"template":"","meta":{"_et_pb_use_builder":"off","_et_pb_old_content":"Globe Valve, Bronze Body, 175 PSI, Threaded End, EPDM Seated Seal, NIBCO brand, 1\/4 \" and  3\/8\" Diameters.","_et_gb_content_width":"","_joinchat":[]},"_links":{"self":[{"href":"https:\/\/firesupplyhouse.com\/es\/wp-json\/wp\/v2\/product\/2030"}],"collection":[{"href":"https:\/\/firesupplyhouse.com\/es\/wp-json\/wp\/v2\/product"}],"about":[{"href":"https:\/\/firesupplyhouse.com\/es\/wp-json\/wp\/v2\/types\/product"}],"wp:featuredmedia":[{"embeddable":true,"href":"https:\/\/firesupplyhouse.com\/es\/wp-json\/wp\/v2\/media\/2032"}],"wp:attachment":[{"href":"https:\/\/firesupplyhouse.com\/es\/wp-json\/wp\/v2\/media?parent=2030"}],"curies":[{"name":"wp","href":"https:\/\/api.w.org\/{rel}","templated":true}]}}