{"id":2033,"date":"2021-10-05T21:12:29","date_gmt":"2021-10-05T21:12:29","guid":{"rendered":"https:\/\/firesupplyhouse.com\/?post_type=product&#038;p=2033"},"modified":"2024-04-11T17:08:49","modified_gmt":"2024-04-11T17:08:49","slug":"x105l-limit-switch-assembly","status":"publish","type":"product","link":"https:\/\/firesupplyhouse.com\/es\/producto\/x105l-limit-switch-assembly\/","title":{"rendered":"Conjunto de interruptor de l\u00edmite Ref: X105L"},"content":{"rendered":"<p>El conjunto de interruptor de l\u00edmite X105L es un interruptor resistente, confiable y de acci\u00f3n positiva accionado por la apertura o cierre de una v\u00e1lvula de control autom\u00e1tico Cla-Val.<\/p>","protected":false},"excerpt":{"rendered":"<p>El conjunto de interruptor de l\u00edmite X105L es un interruptor resistente, confiable y de acci\u00f3n positiva accionado por la apertura o cierre de una v\u00e1lvula de control autom\u00e1tico Cla-Val.<\/p>","protected":false},"featured_media":2034,"template":"","meta":{"_et_pb_use_builder":"off","_et_pb_old_content":"Globe Valve, Bronze Body, 175 PSI, Threaded End, EPDM Seated Seal, NIBCO brand, 1\/4 \" and  3\/8\" Diameters.","_et_gb_content_width":"","_joinchat":[]},"_links":{"self":[{"href":"https:\/\/firesupplyhouse.com\/es\/wp-json\/wp\/v2\/product\/2033"}],"collection":[{"href":"https:\/\/firesupplyhouse.com\/es\/wp-json\/wp\/v2\/product"}],"about":[{"href":"https:\/\/firesupplyhouse.com\/es\/wp-json\/wp\/v2\/types\/product"}],"wp:featuredmedia":[{"embeddable":true,"href":"https:\/\/firesupplyhouse.com\/es\/wp-json\/wp\/v2\/media\/2034"}],"wp:attachment":[{"href":"https:\/\/firesupplyhouse.com\/es\/wp-json\/wp\/v2\/media?parent=2033"}],"curies":[{"name":"wp","href":"https:\/\/api.w.org\/{rel}","templated":true}]}}