{"id":2040,"date":"2021-10-05T21:46:52","date_gmt":"2021-10-05T21:46:52","guid":{"rendered":"https:\/\/firesupplyhouse.com\/?post_type=product&#038;p=2040"},"modified":"2024-04-11T17:10:00","modified_gmt":"2024-04-11T17:10:00","slug":"wga-1-water-gong","status":"publish","type":"product","link":"https:\/\/firesupplyhouse.com\/es\/producto\/wga-1-water-gong\/","title":{"rendered":"Gong de agua  Ref: WGA-1"},"content":{"rendered":"<p>Duradera y resistente, la alarma exterior de gong de agua operada hidr\u00e1ulicamente es ideal para usar con v\u00e1lvulas de detecci\u00f3n de flujo de agua del sistema de protecci\u00f3n contra incendios.<\/p>","protected":false},"excerpt":{"rendered":"<p>Duradera y resistente, la alarma exterior de gong de agua operada hidr\u00e1ulicamente es ideal para usar con v\u00e1lvulas de detecci\u00f3n de flujo de agua del sistema de protecci\u00f3n contra incendios.<\/p>","protected":false},"featured_media":2041,"template":"","meta":{"_et_pb_use_builder":"off","_et_pb_old_content":"Globe Valve, Bronze Body, 175 PSI, Threaded End, EPDM Seated Seal, NIBCO brand, 1\/4 \" and  3\/8\" Diameters.","_et_gb_content_width":"","_joinchat":[]},"_links":{"self":[{"href":"https:\/\/firesupplyhouse.com\/es\/wp-json\/wp\/v2\/product\/2040"}],"collection":[{"href":"https:\/\/firesupplyhouse.com\/es\/wp-json\/wp\/v2\/product"}],"about":[{"href":"https:\/\/firesupplyhouse.com\/es\/wp-json\/wp\/v2\/types\/product"}],"wp:featuredmedia":[{"embeddable":true,"href":"https:\/\/firesupplyhouse.com\/es\/wp-json\/wp\/v2\/media\/2041"}],"wp:attachment":[{"href":"https:\/\/firesupplyhouse.com\/es\/wp-json\/wp\/v2\/media?parent=2040"}],"curies":[{"name":"wp","href":"https:\/\/api.w.org\/{rel}","templated":true}]}}