{"id":2232,"date":"2022-02-18T22:48:22","date_gmt":"2022-02-18T22:48:22","guid":{"rendered":"https:\/\/firesupplyhouse.com\/?post_type=product&#038;p=2232"},"modified":"2022-02-18T22:50:13","modified_gmt":"2022-02-18T22:50:13","slug":"vk120-micromatic-standard-response-conventional-sprinkler-k8-0","status":"publish","type":"product","link":"https:\/\/firesupplyhouse.com\/es\/producto\/vk120-micromatic-standard-response-conventional-sprinkler-k8-0\/","title":{"rendered":"VK120 \u2013 Aspersor convencional de respuesta est\u00e1ndar Micromatic\u00ae (K8.0)"},"content":{"rendered":"<p>Viking Micromatic\u00ae Standard Response Conventional (Old Style) VK120 Sprinklers are small, thermosensitive, glass-bulb spray sprinklers available in several different finishes, temperature ratings, and K-factors to meet design requirements.<\/p>","protected":false},"excerpt":{"rendered":"<p>Los rociadores VK120 convencionales de respuesta est\u00e1ndar (estilo antiguo) Viking Micromatic\u00ae son rociadores de bulbo de vidrio peque\u00f1os, termosensibles, disponibles en varios acabados, clasificaciones de temperatura y factores K diferentes para cumplir con los requisitos de dise\u00f1o. Los recubrimientos especiales de poli\u00e9ster y PTFE (ENT) de n\u00edquel qu\u00edmico se pueden utilizar en aplicaciones decorativas donde se desean colores. Adem\u00e1s, estos recubrimientos han sido investigados para su instalaci\u00f3n en atm\u00f3sferas corrosivas y est\u00e1n listados como resistentes a la corrosi\u00f3n como se indica en la Tabla de Aprobaci\u00f3n.<\/p>","protected":false},"featured_media":2233,"template":"","meta":{"_et_pb_use_builder":"off","_et_pb_old_content":"Globe Valve, Bronze Body, 175 PSI, Threaded End, EPDM Seated Seal, NIBCO brand, 1\/4 \" and 3\/8\" Diameters.","_et_gb_content_width":"","_joinchat":[]},"_links":{"self":[{"href":"https:\/\/firesupplyhouse.com\/es\/wp-json\/wp\/v2\/product\/2232"}],"collection":[{"href":"https:\/\/firesupplyhouse.com\/es\/wp-json\/wp\/v2\/product"}],"about":[{"href":"https:\/\/firesupplyhouse.com\/es\/wp-json\/wp\/v2\/types\/product"}],"wp:featuredmedia":[{"embeddable":true,"href":"https:\/\/firesupplyhouse.com\/es\/wp-json\/wp\/v2\/media\/2233"}],"wp:attachment":[{"href":"https:\/\/firesupplyhouse.com\/es\/wp-json\/wp\/v2\/media?parent=2232"}],"curies":[{"name":"wp","href":"https:\/\/api.w.org\/{rel}","templated":true}]}}