{"id":252,"date":"2021-01-04T20:07:17","date_gmt":"2021-01-04T20:07:17","guid":{"rendered":"https:\/\/firesupplyhouse.com\/producto\/valvula-de-compuerta-en-hierro-fundido-extremo-junta-mecanica-175-psi-ul-fm-nibco\/"},"modified":"2024-04-11T19:38:38","modified_gmt":"2024-04-11T19:38:38","slug":"valvula-de-compuerta-en-hierro-fundido-extremo-junta-mecanica-175-psi-ul-fm-nibco","status":"publish","type":"product","link":"https:\/\/firesupplyhouse.com\/es\/producto\/valvula-de-compuerta-en-hierro-fundido-extremo-junta-mecanica-175-psi-ul-fm-nibco\/","title":{"rendered":"V\u00e1lvula indicadora de poste. Conexi\u00f3n mec\u00e1nica. Tallo no ascendente. 175 PSI. UL\/FM. NIBCO Ref: M-609"},"content":{"rendered":"<p>Protecci\u00f3n contra incendios, cuerpo de hierro fundido, v\u00e1lvula de compuerta, v\u00e1lvula de poste indicador, v\u00e1stago no ascendente, cu\u00f1a s\u00f3lida, extremos mec\u00e1nicos MxM, 175 PSI, homologado por UL y aprobado por FM, marca NIBCO. Tama\u00f1os: 4 \u2033, 6 \u2033, 8 \u2033, 10 \u2033 y 12 \u2033<\/p>","protected":false},"excerpt":{"rendered":"<p>Protecci\u00f3n contra incendios, cuerpo de hierro fundido, v\u00e1lvula de compuerta, v\u00e1lvula de poste indicador, v\u00e1stago no ascendente, cu\u00f1a s\u00f3lida, extremos mec\u00e1nicos MxM, 175 PSI, homologado por UL y aprobado por FM, marca NIBCO. Tama\u00f1os: 4 \u2033, 6 \u2033, 8 \u2033, 10 \u2033 y 12 \u2033<\/p>","protected":false},"featured_media":233,"template":"","meta":{"_et_pb_use_builder":"","_et_pb_old_content":"","_et_gb_content_width":"","_joinchat":[]},"_links":{"self":[{"href":"https:\/\/firesupplyhouse.com\/es\/wp-json\/wp\/v2\/product\/252"}],"collection":[{"href":"https:\/\/firesupplyhouse.com\/es\/wp-json\/wp\/v2\/product"}],"about":[{"href":"https:\/\/firesupplyhouse.com\/es\/wp-json\/wp\/v2\/types\/product"}],"wp:featuredmedia":[{"embeddable":true,"href":"https:\/\/firesupplyhouse.com\/es\/wp-json\/wp\/v2\/media\/233"}],"wp:attachment":[{"href":"https:\/\/firesupplyhouse.com\/es\/wp-json\/wp\/v2\/media?parent=252"}],"curies":[{"name":"wp","href":"https:\/\/api.w.org\/{rel}","templated":true}]}}