{"id":257,"date":"2021-01-04T20:07:17","date_gmt":"2021-01-04T20:07:17","guid":{"rendered":"https:\/\/firesupplyhouse.com\/producto\/valvula-de-compuerta-en-hierro-ductil-extremo-flanchado-300-psi-ul-fm-nibco\/"},"modified":"2024-04-11T19:40:38","modified_gmt":"2024-04-11T19:40:38","slug":"valvula-de-compuerta-en-hierro-ductil-extremo-flanchado-300-psi-ul-fm-nibco","status":"publish","type":"product","link":"https:\/\/firesupplyhouse.com\/es\/producto\/valvula-de-compuerta-en-hierro-ductil-extremo-flanchado-300-psi-ul-fm-nibco\/","title":{"rendered":"V\u00e1lvula indicadora de poste. Brida. Tallo no ascendente. Cu\u00f1a resistente. Recubierto de epoxi. 300 PSI. UL\/FM. NIBCO Ref: F-609-RWS"},"content":{"rendered":"<p>Protecci\u00f3n contra incendios, v\u00e1lvula de poste indicador, v\u00e1stago que no se eleva, cu\u00f1a resistente, interior \/ exterior recubierto de epoxi, cuerpo de hierro d\u00factil, extremos con bridas FxF, 300 PSI, homologado por UL y FM, marca NIBCO. Tama\u00f1os: 4 \u2033, 6 \u2033, 8 \u2033, 10 \u2033, 12 \u2033, 14 \u2033 y 16 \u2033.<\/p>","protected":false},"excerpt":{"rendered":"<p>Protecci\u00f3n contra incendios, v\u00e1lvula de poste indicador, v\u00e1stago que no se eleva, cu\u00f1a resistente, interior \/ exterior recubierto de epoxi, cuerpo de hierro d\u00factil, extremos con bridas FxF, 300 PSI, homologado por UL y FM, marca NIBCO. Tama\u00f1os: 4 \u2033, 6 \u2033, 8 \u2033, 10 \u2033, 12 \u2033, 14 \u2033 y 16 \u2033.<\/p>","protected":false},"featured_media":1027,"template":"","meta":{"_et_pb_use_builder":"","_et_pb_old_content":"","_et_gb_content_width":"","_joinchat":[]},"_links":{"self":[{"href":"https:\/\/firesupplyhouse.com\/es\/wp-json\/wp\/v2\/product\/257"}],"collection":[{"href":"https:\/\/firesupplyhouse.com\/es\/wp-json\/wp\/v2\/product"}],"about":[{"href":"https:\/\/firesupplyhouse.com\/es\/wp-json\/wp\/v2\/types\/product"}],"wp:featuredmedia":[{"embeddable":true,"href":"https:\/\/firesupplyhouse.com\/es\/wp-json\/wp\/v2\/media\/1027"}],"wp:attachment":[{"href":"https:\/\/firesupplyhouse.com\/es\/wp-json\/wp\/v2\/media?parent=257"}],"curies":[{"name":"wp","href":"https:\/\/api.w.org\/{rel}","templated":true}]}}