{"id":2590,"date":"2022-02-20T20:55:51","date_gmt":"2022-02-20T20:55:51","guid":{"rendered":"https:\/\/firesupplyhouse.com\/?post_type=product&#038;p=2590"},"modified":"2022-02-20T20:56:53","modified_gmt":"2022-02-20T20:56:53","slug":"vk610-microfast-sr-qrec-pendent-hp-sprinkler-k5-6","status":"publish","type":"product","link":"https:\/\/firesupplyhouse.com\/es\/producto\/vk610-microfast-sr-qrec-pendent-hp-sprinkler-k5-6\/","title":{"rendered":"VK610 \u2013 Aspersor HP colgante Microfast\u00ae SR\/QREC (K5.6)"},"content":{"rendered":"<p>The Viking Microfast\u00ae EC\/QREC Pendent HP Sprinkler VK610 is a small thermosensitive spray sprinkler available in several different finishes and temperature ratings to meet varying design requirements.<\/p>","protected":false},"excerpt":{"rendered":"<p>El rociador HP colgante Viking Microfast\u00ae EC\/QREC VK610 es un peque\u00f1o rociador termosensible disponible en varios acabados y clasificaciones de temperatura diferentes para cumplir con los distintos requisitos de dise\u00f1o. Estos rociadores tienen listas de respuesta est\u00e1ndar y de respuesta r\u00e1pida. La bombilla de vidrio de respuesta r\u00e1pida y el deflector especial combinan velocidad de operaci\u00f3n y \u00e1rea de cobertura para cumplir con los est\u00e1ndares de cobertura extendida de respuesta r\u00e1pida.<\/p>","protected":false},"featured_media":2591,"template":"","meta":{"_et_pb_use_builder":"off","_et_pb_old_content":"Globe Valve, Bronze Body, 175 PSI, Threaded End, EPDM Seated Seal, NIBCO brand, 1\/4 \" and 3\/8\" Diameters.","_et_gb_content_width":"","_joinchat":[]},"_links":{"self":[{"href":"https:\/\/firesupplyhouse.com\/es\/wp-json\/wp\/v2\/product\/2590"}],"collection":[{"href":"https:\/\/firesupplyhouse.com\/es\/wp-json\/wp\/v2\/product"}],"about":[{"href":"https:\/\/firesupplyhouse.com\/es\/wp-json\/wp\/v2\/types\/product"}],"wp:featuredmedia":[{"embeddable":true,"href":"https:\/\/firesupplyhouse.com\/es\/wp-json\/wp\/v2\/media\/2591"}],"wp:attachment":[{"href":"https:\/\/firesupplyhouse.com\/es\/wp-json\/wp\/v2\/media?parent=2590"}],"curies":[{"name":"wp","href":"https:\/\/api.w.org\/{rel}","templated":true}]}}