{"id":263,"date":"2021-01-04T20:07:17","date_gmt":"2021-01-04T20:07:17","guid":{"rendered":"https:\/\/firesupplyhouse.com\/producto\/valvula-de-mariposa-en-hierro-ductil-ranurada-350-psi-ul-fm-nibco\/"},"modified":"2024-04-11T19:50:46","modified_gmt":"2024-04-11T19:50:46","slug":"valvula-de-mariposa-en-hierro-ductil-ranurada-350-psi-ul-fm-nibco","status":"publish","type":"product","link":"https:\/\/firesupplyhouse.com\/es\/producto\/valvula-de-mariposa-en-hierro-ductil-ranurada-350-psi-ul-fm-nibco\/","title":{"rendered":"V\u00e1lvula de mariposa ranurada. 350 PSI. Referencia UL\/FM. NIBCO: GD-6865-4N\/8N"},"content":{"rendered":"<p>V\u00e1lvula de mariposa de protecci\u00f3n contra incendios, cuerpo de hierro d\u00factil recubierto de nailon, cuello extendido, disco encapsulado en EPDM. 350 PSI, listado por UL y aprobado por FM, marca NIBCO. Tama\u00f1os: 21\/2 &quot;, 3&quot;, 4 &quot;, 6&quot;, 8 &quot;y 10&quot;.<\/p>","protected":false},"excerpt":{"rendered":"<p>V\u00e1lvula de mariposa de protecci\u00f3n contra incendios, cuerpo de hierro d\u00factil recubierto de nailon, cuello extendido, disco encapsulado en EPDM. 350 PSI, listado por UL y aprobado por FM, marca NIBCO. Tama\u00f1os: 21\/2 &quot;, 3&quot;, 4 &quot;, 6&quot;, 8 &quot;y 10&quot;.<\/p>","protected":false},"featured_media":213,"template":"","meta":{"_et_pb_use_builder":"","_et_pb_old_content":"","_et_gb_content_width":"","_joinchat":[]},"_links":{"self":[{"href":"https:\/\/firesupplyhouse.com\/es\/wp-json\/wp\/v2\/product\/263"}],"collection":[{"href":"https:\/\/firesupplyhouse.com\/es\/wp-json\/wp\/v2\/product"}],"about":[{"href":"https:\/\/firesupplyhouse.com\/es\/wp-json\/wp\/v2\/types\/product"}],"wp:featuredmedia":[{"embeddable":true,"href":"https:\/\/firesupplyhouse.com\/es\/wp-json\/wp\/v2\/media\/213"}],"wp:attachment":[{"href":"https:\/\/firesupplyhouse.com\/es\/wp-json\/wp\/v2\/media?parent=263"}],"curies":[{"name":"wp","href":"https:\/\/api.w.org\/{rel}","templated":true}]}}