{"id":266,"date":"2021-01-04T20:07:17","date_gmt":"2021-01-04T20:07:17","guid":{"rendered":"https:\/\/firesupplyhouse.com\/producto\/valvula-de-mariposa-en-hierro-ductil-tipo-wafer-250-psi-ul-fm-nibco\/"},"modified":"2024-04-11T19:51:42","modified_gmt":"2024-04-11T19:51:42","slug":"valvula-de-mariposa-en-hierro-ductil-tipo-wafer-250-psi-ul-fm-nibco","status":"publish","type":"product","link":"https:\/\/firesupplyhouse.com\/es\/producto\/valvula-de-mariposa-en-hierro-ductil-tipo-wafer-250-psi-ul-fm-nibco\/","title":{"rendered":"V\u00e1lvula de mariposa de oblea. 250 PSI. UL\/FM. NIBCO Ref: WD-3510-8 \/ 4"},"content":{"rendered":"<p>V\u00e1lvula de mariposa de protecci\u00f3n contra incendios, cuerpo de hierro d\u00factil, extremo de oblea, cuello extendido, interruptor de supervisi\u00f3n interno, 250 PSI, homologado por UL y aprobado por FM, marca NIBCO. Tama\u00f1os: 2 \u2033, 21\/2 \u2033, 3 \u2033, 4 \u2033, 5 \u2033, 6 \u2033, 8 \u2033, 10 \u2033 y 12 \u2033.<\/p>","protected":false},"excerpt":{"rendered":"<p>V\u00e1lvula de mariposa de protecci\u00f3n contra incendios, cuerpo de hierro d\u00factil, extremo de oblea, cuello extendido, interruptor de supervisi\u00f3n interno, 250 PSI, homologado por UL y aprobado por FM, marca NIBCO. Tama\u00f1os: 2 \u2033, 21\/2 \u2033, 3 \u2033, 4 \u2033, 5 \u2033, 6 \u2033, 8 \u2033, 10 \u2033 y 12 \u2033.<\/p>","protected":false},"featured_media":248,"template":"","meta":{"_et_pb_use_builder":"","_et_pb_old_content":"","_et_gb_content_width":"","_joinchat":[]},"_links":{"self":[{"href":"https:\/\/firesupplyhouse.com\/es\/wp-json\/wp\/v2\/product\/266"}],"collection":[{"href":"https:\/\/firesupplyhouse.com\/es\/wp-json\/wp\/v2\/product"}],"about":[{"href":"https:\/\/firesupplyhouse.com\/es\/wp-json\/wp\/v2\/types\/product"}],"wp:featuredmedia":[{"embeddable":true,"href":"https:\/\/firesupplyhouse.com\/es\/wp-json\/wp\/v2\/media\/248"}],"wp:attachment":[{"href":"https:\/\/firesupplyhouse.com\/es\/wp-json\/wp\/v2\/media?parent=266"}],"curies":[{"name":"wp","href":"https:\/\/api.w.org\/{rel}","templated":true}]}}