{"id":275,"date":"2021-01-04T20:07:19","date_gmt":"2021-01-04T20:07:19","guid":{"rendered":"https:\/\/firesupplyhouse.com\/producto\/valvula-de-bola-en-bronce-tres-piezas-extremo-roscado-600-psi-ul-nibco\/"},"modified":"2024-04-11T19:22:06","modified_gmt":"2024-04-11T19:22:06","slug":"valvula-de-bola-en-bronce-tres-piezas-extremo-roscado-600-psi-ul-nibco","status":"publish","type":"product","link":"https:\/\/firesupplyhouse.com\/es\/producto\/valvula-de-bola-en-bronce-tres-piezas-extremo-roscado-600-psi-ul-nibco\/","title":{"rendered":"Tres piezas. V\u00e1lvula de bola de bronce. Extremo roscado. Puerto convencional. 175 PSI. UL. NIBCO Ref:  T-590-Y-UL"},"content":{"rendered":"<p>V\u00e1lvula de bola, cuerpo de bronce, 600 PSI, extremo roscado, puerto convencional, listado UL para l\u00edquidos inflamables. Marca NIBCO. Tama\u00f1os: 1\/4 \u2033, 3\/8 \u2033, 1\/2 \u2033, 3\/4 \u2033, 1 \u2033, 11\/4 \u2033, 11\/2 \u2033, 2 \u2033, 21\/2 \u2033 y 3 \u2033.<\/p>","protected":false},"excerpt":{"rendered":"<p>V\u00e1lvula de bola, cuerpo de bronce, 600 PSI, extremo roscado, puerto convencional, listado UL para l\u00edquidos inflamables. Marca NIBCO. Tama\u00f1os: 1\/4 \u2033, 3\/8 \u2033, 1\/2 \u2033, 3\/4 \u2033, 1 \u2033, 11\/4 \u2033, 11\/2 \u2033, 2 \u2033, 21\/2 \u2033 y 3 \u2033.<\/p>","protected":false},"featured_media":247,"template":"","meta":{"_et_pb_use_builder":"","_et_pb_old_content":"","_et_gb_content_width":"","_joinchat":[]},"_links":{"self":[{"href":"https:\/\/firesupplyhouse.com\/es\/wp-json\/wp\/v2\/product\/275"}],"collection":[{"href":"https:\/\/firesupplyhouse.com\/es\/wp-json\/wp\/v2\/product"}],"about":[{"href":"https:\/\/firesupplyhouse.com\/es\/wp-json\/wp\/v2\/types\/product"}],"wp:featuredmedia":[{"embeddable":true,"href":"https:\/\/firesupplyhouse.com\/es\/wp-json\/wp\/v2\/media\/247"}],"wp:attachment":[{"href":"https:\/\/firesupplyhouse.com\/es\/wp-json\/wp\/v2\/media?parent=275"}],"curies":[{"name":"wp","href":"https:\/\/api.w.org\/{rel}","templated":true}]}}