{"id":278,"date":"2021-01-04T20:07:19","date_gmt":"2021-01-04T20:07:19","guid":{"rendered":"https:\/\/firesupplyhouse.com\/producto\/valvula-angular-en-bronce-extremo-roscado-sello-con-asiento-en-buna-n-175-psi-ul-nibco\/"},"modified":"2024-04-11T17:30:06","modified_gmt":"2024-04-11T17:30:06","slug":"valvula-angular-en-bronce-extremo-roscado-sello-con-asiento-en-buna-n-175-psi-ul-nibco","status":"publish","type":"product","link":"https:\/\/firesupplyhouse.com\/es\/producto\/valvula-angular-en-bronce-extremo-roscado-sello-con-asiento-en-buna-n-175-psi-ul-nibco\/","title":{"rendered":"V\u00e1lvula Globo de Bronce. Asiento Buna-N. 175 PSI. NIBCO Ref: KT-65-UL"},"content":{"rendered":"<p>V\u00e1lvula de globo, cuerpo de bronce, 175 PSI, extremo roscado, sello asentado BUNA-N, listado en UL, marca Nibco, di\u00e1metros de 1\/2 &quot;, 3\/4&quot; y 1 \u2033.<\/p>","protected":false},"excerpt":{"rendered":"<p>V\u00e1lvula de globo, cuerpo de bronce, 175 PSI, extremo roscado, sello asentado BUNA-N, listado en UL, marca Nibco, di\u00e1metros de 1\/2 &quot;, 3\/4&quot; y 1 \u2033.<\/p>","protected":false},"featured_media":221,"template":"","meta":{"_et_pb_use_builder":"","_et_pb_old_content":"","_et_gb_content_width":"","_joinchat":[]},"_links":{"self":[{"href":"https:\/\/firesupplyhouse.com\/es\/wp-json\/wp\/v2\/product\/278"}],"collection":[{"href":"https:\/\/firesupplyhouse.com\/es\/wp-json\/wp\/v2\/product"}],"about":[{"href":"https:\/\/firesupplyhouse.com\/es\/wp-json\/wp\/v2\/types\/product"}],"wp:featuredmedia":[{"embeddable":true,"href":"https:\/\/firesupplyhouse.com\/es\/wp-json\/wp\/v2\/media\/221"}],"wp:attachment":[{"href":"https:\/\/firesupplyhouse.com\/es\/wp-json\/wp\/v2\/media?parent=278"}],"curies":[{"name":"wp","href":"https:\/\/api.w.org\/{rel}","templated":true}]}}