{"id":280,"date":"2021-01-04T20:07:19","date_gmt":"2021-01-04T20:07:19","guid":{"rendered":"https:\/\/firesupplyhouse.com\/producto\/valvula-angular-en-bronce-extremo-roscado-salida-lateral-400-psi-nibco\/"},"modified":"2024-04-11T17:32:45","modified_gmt":"2024-04-11T17:32:45","slug":"valvula-angular-en-bronce-extremo-roscado-salida-lateral-400-psi-nibco","status":"publish","type":"product","link":"https:\/\/firesupplyhouse.com\/es\/producto\/valvula-angular-en-bronce-extremo-roscado-salida-lateral-400-psi-nibco\/","title":{"rendered":"V\u00e1lvula Globo de Bronce con salida lateral. 400 PSI. NIBCO Ref: KT-291-W3"},"content":{"rendered":"<p>V\u00e1lvula Globo, Cuerpo Bronce, 400 PSI, Extremo Roscado, Salida Lateral, marca Nibco, Di\u00e1metros de 1\/4 \u2033.<\/p>","protected":false},"excerpt":{"rendered":"<p>V\u00e1lvula Globo, Cuerpo Bronce, 400 PSI, Extremo Roscado, Salida Lateral, marca Nibco, Di\u00e1metros de 1\/4 \u2033.<\/p>","protected":false},"featured_media":224,"template":"","meta":{"_et_pb_use_builder":"","_et_pb_old_content":"","_et_gb_content_width":"","_joinchat":[]},"_links":{"self":[{"href":"https:\/\/firesupplyhouse.com\/es\/wp-json\/wp\/v2\/product\/280"}],"collection":[{"href":"https:\/\/firesupplyhouse.com\/es\/wp-json\/wp\/v2\/product"}],"about":[{"href":"https:\/\/firesupplyhouse.com\/es\/wp-json\/wp\/v2\/types\/product"}],"wp:featuredmedia":[{"embeddable":true,"href":"https:\/\/firesupplyhouse.com\/es\/wp-json\/wp\/v2\/media\/224"}],"wp:attachment":[{"href":"https:\/\/firesupplyhouse.com\/es\/wp-json\/wp\/v2\/media?parent=280"}],"curies":[{"name":"wp","href":"https:\/\/api.w.org\/{rel}","templated":true}]}}