{"id":281,"date":"2021-01-04T20:07:19","date_gmt":"2021-01-04T20:07:19","guid":{"rendered":"https:\/\/firesupplyhouse.com\/producto\/valvula-angular-en-bronce-extremo-roscado-175-psi-ul-nibco\/"},"modified":"2024-04-11T17:33:22","modified_gmt":"2024-04-11T17:33:22","slug":"valvula-angular-en-bronce-extremo-roscado-175-psi-ul-nibco","status":"publish","type":"product","link":"https:\/\/firesupplyhouse.com\/es\/producto\/valvula-angular-en-bronce-extremo-roscado-175-psi-ul-nibco\/","title":{"rendered":"V\u00e1lvula de bronce en \u00e1ngulo. 175 PSI. UL \/ FM. NIBCO Ref: T-301-W"},"content":{"rendered":"<p>V\u00e1lvula de \u00e1ngulo, cuerpo de bronce, 175 PSI, extremo roscado, listado UL y aprobado por FM, marca NIBCO, di\u00e1metros de 1.1 \/ 4 \u2033, 1.1 \/ 2 \u2033, 2 \u2033, 2.5 \u2033 y 3 \u2033.<\/p>","protected":false},"excerpt":{"rendered":"<p>V\u00e1lvula de \u00e1ngulo, cuerpo de bronce, 175 PSI, extremo roscado, listado UL y aprobado por FM, marca NIBCO, di\u00e1metros de 1.1 \/ 4 \u2033, 1.1 \/ 2 \u2033, 2 \u2033, 2.5 \u2033 y 3 \u2033.<\/p>","protected":false},"featured_media":242,"template":"","meta":{"_et_pb_use_builder":"","_et_pb_old_content":"","_et_gb_content_width":"","_joinchat":[]},"_links":{"self":[{"href":"https:\/\/firesupplyhouse.com\/es\/wp-json\/wp\/v2\/product\/281"}],"collection":[{"href":"https:\/\/firesupplyhouse.com\/es\/wp-json\/wp\/v2\/product"}],"about":[{"href":"https:\/\/firesupplyhouse.com\/es\/wp-json\/wp\/v2\/types\/product"}],"wp:featuredmedia":[{"embeddable":true,"href":"https:\/\/firesupplyhouse.com\/es\/wp-json\/wp\/v2\/media\/242"}],"wp:attachment":[{"href":"https:\/\/firesupplyhouse.com\/es\/wp-json\/wp\/v2\/media?parent=281"}],"curies":[{"name":"wp","href":"https:\/\/api.w.org\/{rel}","templated":true}]}}