{"id":284,"date":"2021-01-04T20:07:19","date_gmt":"2021-01-04T20:07:19","guid":{"rendered":"https:\/\/firesupplyhouse.com\/producto\/valvula-de-cheque-en-acero-ranurada-300-psi-ul-fm-nibco\/"},"modified":"2024-04-11T19:25:39","modified_gmt":"2024-04-11T19:25:39","slug":"valvula-de-cheque-en-acero-ranurada-300-psi-ul-fm-nibco","status":"publish","type":"product","link":"https:\/\/firesupplyhouse.com\/es\/producto\/valvula-de-cheque-en-acero-ranurada-300-psi-ul-fm-nibco\/","title":{"rendered":"V\u00e1lvula de retenci\u00f3n oscilante. Acanalado. 300 PSI. UL\/FM. NIBCO Ref: G-997"},"content":{"rendered":"<p>V\u00e1lvula de retenci\u00f3n, cuerpo de hierro d\u00factil, 300 PSI, conexi\u00f3n ranurada, listado por UL y aprobado por FM. Marca NIBCO, Tama\u00f1os: 2 \u2033, 21\/2 \u2033, 3 \u2033, 4 \u2033, 5 \u2033, 6 \u2033, 8 \u2033, 10 \u2033 y 12 \u2033.<\/p>","protected":false},"excerpt":{"rendered":"<p>V\u00e1lvula de retenci\u00f3n, cuerpo de hierro d\u00factil, 300 PSI, conexi\u00f3n ranurada, listado por UL y aprobado por FM. Marca NIBCO, Tama\u00f1os: 2 \u2033, 21\/2 \u2033, 3 \u2033, 4 \u2033, 5 \u2033, 6 \u2033, 8 \u2033, 10 \u2033 y 12 \u2033.<\/p>","protected":false},"featured_media":1024,"template":"","meta":{"_et_pb_use_builder":"","_et_pb_old_content":"","_et_gb_content_width":"","_joinchat":[]},"_links":{"self":[{"href":"https:\/\/firesupplyhouse.com\/es\/wp-json\/wp\/v2\/product\/284"}],"collection":[{"href":"https:\/\/firesupplyhouse.com\/es\/wp-json\/wp\/v2\/product"}],"about":[{"href":"https:\/\/firesupplyhouse.com\/es\/wp-json\/wp\/v2\/types\/product"}],"wp:featuredmedia":[{"embeddable":true,"href":"https:\/\/firesupplyhouse.com\/es\/wp-json\/wp\/v2\/media\/1024"}],"wp:attachment":[{"href":"https:\/\/firesupplyhouse.com\/es\/wp-json\/wp\/v2\/media?parent=284"}],"curies":[{"name":"wp","href":"https:\/\/api.w.org\/{rel}","templated":true}]}}