{"id":285,"date":"2021-01-04T20:07:19","date_gmt":"2021-01-04T20:07:19","guid":{"rendered":"https:\/\/firesupplyhouse.com\/producto\/valvula-de-cheque-en-bronce-extremo-roscado-200-psi-nibco\/"},"modified":"2024-04-11T19:24:36","modified_gmt":"2024-04-11T19:24:36","slug":"valvula-de-cheque-en-bronce-extremo-roscado-200-psi-nibco","status":"publish","type":"product","link":"https:\/\/firesupplyhouse.com\/es\/producto\/valvula-de-cheque-en-bronce-extremo-roscado-200-psi-nibco\/","title":{"rendered":"V\u00e1lvula de retenci\u00f3n oscilante, cuerpo de bronce. Extremo roscado. 200 PSI. Referencia NIBCO: KT-403-W"},"content":{"rendered":"<p>V\u00e1lvula de retenci\u00f3n, cuerpo de bronce, 200 PSI, extremo roscado, marca Nibco, di\u00e1metros 1\/2 \u2033, 3\/4 \u2033, 1 \u2033, 11\/4 \u2033, 11\/2 \u2033, 2 \u2033, 21\/2 \u2033 y 3 \u2033.<\/p>","protected":false},"excerpt":{"rendered":"<p>V\u00e1lvula de retenci\u00f3n, cuerpo de bronce, 200 PSI, extremo roscado, marca Nibco, di\u00e1metros 1\/2 \u2033, 3\/4 \u2033, 1 \u2033, 11\/4 \u2033, 11\/2 \u2033, 2 \u2033, 21\/2 \u2033 y 3 \u2033.<\/p>","protected":false},"featured_media":225,"template":"","meta":{"_et_pb_use_builder":"","_et_pb_old_content":"","_et_gb_content_width":"","_joinchat":[]},"_links":{"self":[{"href":"https:\/\/firesupplyhouse.com\/es\/wp-json\/wp\/v2\/product\/285"}],"collection":[{"href":"https:\/\/firesupplyhouse.com\/es\/wp-json\/wp\/v2\/product"}],"about":[{"href":"https:\/\/firesupplyhouse.com\/es\/wp-json\/wp\/v2\/types\/product"}],"wp:featuredmedia":[{"embeddable":true,"href":"https:\/\/firesupplyhouse.com\/es\/wp-json\/wp\/v2\/media\/225"}],"wp:attachment":[{"href":"https:\/\/firesupplyhouse.com\/es\/wp-json\/wp\/v2\/media?parent=285"}],"curies":[{"name":"wp","href":"https:\/\/api.w.org\/{rel}","templated":true}]}}