{"id":291,"date":"2021-01-04T20:07:22","date_gmt":"2021-01-04T20:07:22","guid":{"rendered":"https:\/\/firesupplyhouse.com\/producto\/valvula-de-cheque-en-acero-ranurado-libre-de-plomo-250psi-nibco\/"},"modified":"2024-04-11T19:33:17","modified_gmt":"2024-04-11T19:33:17","slug":"valvula-de-cheque-en-acero-ranurado-libre-de-plomo-250psi-nibco","status":"publish","type":"product","link":"https:\/\/firesupplyhouse.com\/es\/producto\/valvula-de-cheque-en-acero-ranurado-libre-de-plomo-250psi-nibco\/","title":{"rendered":"V\u00e1lvula de retenci\u00f3n. Cuerpo de hierro d\u00factil. Estilo ranurado. 250 PSI. UL\/FM. NIBCO Ref: KG-900-W-LF"},"content":{"rendered":"<p>V\u00e1lvula de retenci\u00f3n, cuerpo de hierro d\u00factil, 250 PSI, tipo ranurado, disco doble, accionado por resorte, sin plomo, listado por UL y aprobado por FM, marca NIBCO, 21\/2 \u2033, 3 \u2033, 4 \u2033, 5 \u2033, 6 \u2033, 8 \u2033 , 10 \u2033 y 12 \u2033<\/p>","protected":false},"excerpt":{"rendered":"<p>V\u00e1lvula de retenci\u00f3n, cuerpo de hierro d\u00factil, 250 PSI, tipo ranurado, disco doble, accionado por resorte, sin plomo, listado por UL y aprobado por FM, marca NIBCO, 21\/2 \u2033, 3 \u2033, 4 \u2033, 5 \u2033, 6 \u2033, 8 \u2033 , 10 \u2033 y 12 \u2033<\/p>","protected":false},"featured_media":220,"template":"","meta":{"_et_pb_use_builder":"","_et_pb_old_content":"","_et_gb_content_width":"","_joinchat":[]},"_links":{"self":[{"href":"https:\/\/firesupplyhouse.com\/es\/wp-json\/wp\/v2\/product\/291"}],"collection":[{"href":"https:\/\/firesupplyhouse.com\/es\/wp-json\/wp\/v2\/product"}],"about":[{"href":"https:\/\/firesupplyhouse.com\/es\/wp-json\/wp\/v2\/types\/product"}],"wp:featuredmedia":[{"embeddable":true,"href":"https:\/\/firesupplyhouse.com\/es\/wp-json\/wp\/v2\/media\/220"}],"wp:attachment":[{"href":"https:\/\/firesupplyhouse.com\/es\/wp-json\/wp\/v2\/media?parent=291"}],"curies":[{"name":"wp","href":"https:\/\/api.w.org\/{rel}","templated":true}]}}