{"id":292,"date":"2021-01-04T20:07:22","date_gmt":"2021-01-04T20:07:22","guid":{"rendered":"https:\/\/firesupplyhouse.com\/producto\/valvula-de-cheque-en-acero-tipo-wafer-libre-de-plomo-250psi-ul-fm-nibco\/"},"modified":"2024-04-11T19:30:22","modified_gmt":"2024-04-11T19:30:22","slug":"valvula-de-cheque-en-acero-tipo-wafer-libre-de-plomo-250psi-ul-fm-nibco","status":"publish","type":"product","link":"https:\/\/firesupplyhouse.com\/es\/producto\/valvula-de-cheque-en-acero-tipo-wafer-libre-de-plomo-250psi-ul-fm-nibco\/","title":{"rendered":"La v\u00e1lvula de retenci\u00f3n. Cuerpo de hierro d\u00factil. Estilo de oblea. 250 PSI. UL \/ FM. NIBCO Ref: KW-900-W-LF"},"content":{"rendered":"<p>V\u00e1lvula de retenci\u00f3n, cuerpo de hierro d\u00factil, 250 PSI, tipo wafer, puerta doble, accionada por resorte, sin plomo, listada en UL y aprobada por FM, marca NIBCO, 21\/2 \u2033, 3 \u2033, 4 \u2033, 5 \u2033, 6 \u2033, 8 \u2033 , 10 \u2033, 12 \u2033, 14 \u2033 y 16 \u2033.<\/p>","protected":false},"excerpt":{"rendered":"<p>V\u00e1lvula de retenci\u00f3n, cuerpo de hierro d\u00factil, 250 PSI, tipo wafer, puerta doble, accionada por resorte, sin plomo, listada en UL y aprobada por FM, marca NIBCO, 21\/2 \u2033, 3 \u2033, 4 \u2033, 5 \u2033, 6 \u2033, 8 \u2033 , 10 \u2033, 12 \u2033, 14 \u2033 y 16 \u2033.<\/p>","protected":false},"featured_media":230,"template":"","meta":{"_et_pb_use_builder":"","_et_pb_old_content":"","_et_gb_content_width":"","_joinchat":[]},"_links":{"self":[{"href":"https:\/\/firesupplyhouse.com\/es\/wp-json\/wp\/v2\/product\/292"}],"collection":[{"href":"https:\/\/firesupplyhouse.com\/es\/wp-json\/wp\/v2\/product"}],"about":[{"href":"https:\/\/firesupplyhouse.com\/es\/wp-json\/wp\/v2\/types\/product"}],"wp:featuredmedia":[{"embeddable":true,"href":"https:\/\/firesupplyhouse.com\/es\/wp-json\/wp\/v2\/media\/230"}],"wp:attachment":[{"href":"https:\/\/firesupplyhouse.com\/es\/wp-json\/wp\/v2\/media?parent=292"}],"curies":[{"name":"wp","href":"https:\/\/api.w.org\/{rel}","templated":true}]}}