{"id":4078,"date":"2024-04-03T17:58:02","date_gmt":"2024-04-03T17:58:02","guid":{"rendered":"https:\/\/firesupplyhouse.com\/?post_type=product&#038;p=4078"},"modified":"2024-04-04T15:56:59","modified_gmt":"2024-04-04T15:56:59","slug":"aqueous-film-forming-foam","status":"publish","type":"product","link":"https:\/\/firesupplyhouse.com\/es\/producto\/aqueous-film-forming-foam\/","title":{"rendered":"Espuma formadora de pel\u00edcula acuosa (AFFF 3-C6 &amp; AFFF 3F-C6)"},"content":{"rendered":"<p>[et_pb_section fb_built=&#8221;1&#8243; _builder_version=&#8221;4.7.7&#8243; _module_preset=&#8221;default&#8221; background_color=&#8221;#76150a&#8221; use_background_color_gradient=&#8221;on&#8221; background_color_gradient_start=&#8221;#f5f5f5&#8243; background_color_gradient_end=&#8221;#f5f5f5&#8243; custom_padding=&#8221;59px||59px||true|&#8221;][et_pb_row _builder_version=&#8221;4.7.7&#8243; _module_preset=&#8221;default&#8221; custom_padding=&#8221;||15px|||&#8221;][et_pb_column type=&#8221;4_4&#8243; _builder_version=&#8221;4.7.7&#8243; _module_preset=&#8221;default&#8221;][et_pb_text _builder_version=&#8221;4.7.7&#8243; _dynamic_attributes=&#8221;content&#8221; _module_preset=&#8221;default&#8221; text_text_color=&#8221;#ffffff&#8221; header_font=&#8221;Alata|700|||||||&#8221; header_text_align=&#8221;center&#8221; header_text_color=&#8221;#76150a&#8221; header_font_size=&#8221;34px&#8221; custom_margin=&#8221;||15px|||&#8221;]@ET-DC@eyJkeW5hbWljIjp0cnVlLCJjb250ZW50IjoicG9zdF90aXRsZSIsInNldHRpbmdzIjp7ImJlZm9yZSI6IjxoMT4iLCJhZnRlciI6IjwvaDE+In19@[\/et_pb_text][\/et_pb_column][\/et_pb_row][\/et_pb_section][et_pb_section fb_built=&#8221;1&#8243; _builder_version=&#8221;4.8.1&#8243; _module_preset=&#8221;default&#8221; width=&#8221;100%&#8221; custom_padding=&#8221;48px||29px|||&#8221;][et_pb_row column_structure=&#8221;2_5,3_5&#8243; _builder_version=&#8221;4.7.7&#8243; _module_preset=&#8221;default&#8221; custom_padding=&#8221;||3px|||&#8221;][et_pb_column type=&#8221;2_5&#8243; _builder_version=&#8221;4.7.7&#8243; _module_preset=&#8221;default&#8221;][et_pb_wc_images _builder_version=&#8221;4.8.1&#8243; _module_preset=&#8221;default&#8221; border_radii=&#8221;on|10px|10px|10px|10px&#8221; box_shadow_style=&#8221;preset3&#8243;][\/et_pb_wc_images][\/et_pb_column][et_pb_column type=&#8221;3_5&#8243; _builder_version=&#8221;4.7.7&#8243; _module_preset=&#8221;default&#8221;][et_pb_text _builder_version=&#8221;4.9.3&#8243; _dynamic_attributes=&#8221;content&#8221; _module_preset=&#8221;default&#8221; text_font=&#8221;|700|||||||&#8221; text_text_color=&#8221;#e22727&#8243; text_font_size=&#8221;16px&#8221; custom_margin=&#8221;||9px|||&#8221;]@ET-DC@eyJkeW5hbWljIjp0cnVlLCJjb250ZW50IjoicHJvZHVjdF9za3UiLCJzZXR0aW5ncyI6eyJiZWZvcmUiOiJSZWZlcmVuY2U6ICIsImFmdGVyIjoiIn19@[\/et_pb_text][et_pb_text _builder_version=&#8221;4.9.3&#8243; _dynamic_attributes=&#8221;content&#8221; _module_preset=&#8221;default&#8221; link_text_color=&#8221;#e22727&#8243; custom_margin=&#8221;||8px|||&#8221;]@ET-DC@eyJkeW5hbWljIjp0cnVlLCJjb250ZW50IjoicG9zdF9jYXRlZ29yaWVzIiwic2V0dGluZ3MiOnsiYmVmb3JlIjoiPHN0cm9uZz4gQ2F0ZWdvcnk6IDwvc3Ryb25nPiIsImFmdGVyIjoiIiwibGlua190b190ZXJtX3BhZ2UiOiJvbiIsInNlcGFyYXRvciI6IiB8ICIsImNhdGVnb3J5X3R5cGUiOiJwcm9kdWN0X2NhdCJ9fQ==@[\/et_pb_text][et_pb_wc_description _builder_version=&#8221;4.7.7&#8243; _module_preset=&#8221;default&#8221; body_font_size=&#8221;16px&#8221; custom_margin=&#8221;30px||36px|||&#8221;][\/et_pb_wc_description][et_pb_button button_url=&#8221;#adicional&#8221; button_text=&#8221;Additional Information&#8221; _builder_version=&#8221;4.9.3&#8243; _module_preset=&#8221;b4bb4bbd-2fb0-48c5-a6e2-70ebd6905df6&#8243;][\/et_pb_button][et_pb_button button_url=&#8221;https:\/\/firesupplyhouse.com\/contactenos\/&#8221; url_new_window=&#8221;on&#8221; button_text=&#8221;Ask for information&#8221; button_alignment=&#8221;left&#8221; _builder_version=&#8221;4.9.3&#8243; _module_preset=&#8221;b60e0483-b58b-46d3-9864-4c78f08abde3&#8243; custom_margin=&#8221;0px||40px|||&#8221;][\/et_pb_button][\/et_pb_column][\/et_pb_row][et_pb_row module_id=&#8221;adicional&#8221; _builder_version=&#8221;4.8.1&#8243; _module_preset=&#8221;default&#8221; custom_margin=&#8221;44px|auto||auto||&#8221; custom_padding=&#8221;||4px|||&#8221;][et_pb_column type=&#8221;4_4&#8243; _builder_version=&#8221;4.8.1&#8243; _module_preset=&#8221;default&#8221;][et_pb_divider color=&#8221;#ffc5c5&#8243; divider_weight=&#8221;2px&#8221; _builder_version=&#8221;4.8.1&#8243; _module_preset=&#8221;default&#8221; width=&#8221;45%&#8221; module_alignment=&#8221;center&#8221; custom_margin=&#8221;||8px|||&#8221;][\/et_pb_divider][\/et_pb_column][\/et_pb_row][et_pb_row _builder_version=&#8221;4.9.0&#8243; _module_preset=&#8221;default&#8221;][et_pb_column type=&#8221;4_4&#8243; _builder_version=&#8221;4.9.0&#8243; _module_preset=&#8221;default&#8221;][et_pb_tabs _builder_version=&#8221;4.9.4&#8243; _module_preset=&#8221;default&#8221; tab_font_size=&#8221;20px&#8221; border_width_all=&#8221;0px&#8221; border_color_bottom=&#8221;#E22727&#8243;][et_pb_tab title=&#8221;Additional Information&#8221; _builder_version=&#8221;4.9.4&#8243; _module_preset=&#8221;default&#8221;][\/et_pb_tab][et_pb_tab title=&#8221;Downloadable&#8221; _builder_version=&#8221;4.9.4&#8243; _module_preset=&#8221;default&#8221;]<\/p>\n<p><span>[et_pb_section global_module=\"4057 \"][\/et_pb_section]<\/span><\/p>\n<p>[\/et_pb_tab][\/et_pb_tabs][\/et_pb_column][\/et_pb_row][\/et_pb_section][et_pb_section fb_built=&#8221;1&#8243; _builder_version=&#8221;4.7.7&#8243; _module_preset=&#8221;default&#8221; custom_padding=&#8221;4px||23px|||&#8221;][et_pb_row use_custom_gutter=&#8221;on&#8221; gutter_width=&#8221;1&#8243; _builder_version=&#8221;4.7.7&#8243; _module_preset=&#8221;default&#8221; background_color=&#8221;#f5f5f5&#8243; width=&#8221;100%&#8221; max_width=&#8221;100%&#8221; custom_margin=&#8221;|auto|26px|auto||&#8221; custom_padding=&#8221;3px||7px|||&#8221;][et_pb_column type=&#8221;4_4&#8243; _builder_version=&#8221;4.7.7&#8243; _module_preset=&#8221;default&#8221;][et_pb_divider show_divider=&#8221;off&#8221; _builder_version=&#8221;4.7.7&#8243; _module_preset=&#8221;default&#8221;][\/et_pb_divider][\/et_pb_column][\/et_pb_row][et_pb_row _builder_version=&#8221;4.7.7&#8243; _module_preset=&#8221;default&#8221; custom_padding=&#8221;1px||0px|||&#8221;][et_pb_column type=&#8221;4_4&#8243; _builder_version=&#8221;4.7.7&#8243; _module_preset=&#8221;default&#8221;][et_pb_wc_related_products _builder_version=&#8221;4.7.7&#8243; _module_preset=&#8221;default&#8221; title_font=&#8221;Alata|700|||||||&#8221; title_text_color=&#8221;#76150a&#8221; title_font_size=&#8221;35px&#8221; title_line_height=&#8221;2.5em&#8221; rating_text_color=&#8221;#ffffff&#8221; rating_font_size=&#8221;0px&#8221; product_title_font=&#8221;Alata||||||||&#8221; product_title_text_align=&#8221;center&#8221; product_title_font_size=&#8221;18px&#8221; price_text_color=&#8221;#ffffff&#8221; width=&#8221;100%&#8221; module_alignment=&#8221;center&#8221; custom_padding=&#8221;||||false|false&#8221; custom_css_image=&#8221;width: 85%;||margin: 0 auto;||margin-top: 10%;&#8221; custom_css_title=&#8221;width: 85%;||padding-top: 10%;&#8221; border_width_all=&#8221;6px&#8221; border_color_all=&#8221;#f5f5f5&#8243; border_radii_image=&#8221;on|10px|10px|10px|10px&#8221;][\/et_pb_wc_related_products][\/et_pb_column][\/et_pb_row][\/et_pb_section]<\/p>\n","protected":false},"excerpt":{"rendered":"<div class=\"proinnerttl\"><strong>Espuma formadora de pel\u00edcula acuosa<\/strong><\/div>\n<div class=\"proinnertext\">HD AFFF 3-C6 y HD AFFF 3F-C6 son espum\u00f3genos sint\u00e9ticos formadores de pel\u00edcula acuosa, especialmente formulados con tensioactivos fluorados a base de C6 de nueva generaci\u00f3n que son m\u00e1s seguros para el medio ambiente. Estos est\u00e1n formulados con tensioactivos fluorados a base de C6, tensioactivos de hidrocarburos y disolventes. Estos producen una pel\u00edcula delgada pero fuerte en la superficie del combustible de hidrocarburos, sellando la superficie y evitando la liberaci\u00f3n de vapor de combustible. La espuma se esparce r\u00e1pidamente sobre la superficie del combustible debido a la propagaci\u00f3n positiva proporcionada por los tensioactivos fluorados, mientras que la capa de espuma excluye el ox\u00edgeno de la superficie del combustible y proporciona un efecto de enfriamiento que conduce a una r\u00e1pida eliminaci\u00f3n y extinci\u00f3n de la llama. Las espumas HD AFFF est\u00e1n dise\u00f1adas para usarse en una soluci\u00f3n al 3% en agua dulce, marina\/salada o dura. HD AFFF 3-C6 est\u00e1 listado por UL y HD AFFF 3F-C6 est\u00e1 listado por UL y aprobado por FM.<\/div>","protected":false},"featured_media":3866,"template":"","meta":{"_et_pb_use_builder":"on","_et_pb_old_content":"","_et_gb_content_width":"","_joinchat":[]},"_links":{"self":[{"href":"https:\/\/firesupplyhouse.com\/es\/wp-json\/wp\/v2\/product\/4078"}],"collection":[{"href":"https:\/\/firesupplyhouse.com\/es\/wp-json\/wp\/v2\/product"}],"about":[{"href":"https:\/\/firesupplyhouse.com\/es\/wp-json\/wp\/v2\/types\/product"}],"wp:featuredmedia":[{"embeddable":true,"href":"https:\/\/firesupplyhouse.com\/es\/wp-json\/wp\/v2\/media\/3866"}],"wp:attachment":[{"href":"https:\/\/firesupplyhouse.com\/es\/wp-json\/wp\/v2\/media?parent=4078"}],"curies":[{"name":"wp","href":"https:\/\/api.w.org\/{rel}","templated":true}]}}