{"id":5675,"date":"2024-04-03T22:01:33","date_gmt":"2024-04-03T22:01:33","guid":{"rendered":"https:\/\/firesupplyhouse.com\/?post_type=product&#038;p=5675"},"modified":"2024-04-04T16:08:42","modified_gmt":"2024-04-04T16:08:42","slug":"film-forming-fluoroprotein-foam-fffp-3-6-c6","status":"publish","type":"product","link":"https:\/\/firesupplyhouse.com\/es\/producto\/film-forming-fluoroprotein-foam-fffp-3-6-c6\/","title":{"rendered":"Espuma de fluoroprote\u00edna formadora de pel\u00edcula FFFP 3\/6-C6"},"content":{"rendered":"<p>[et_pb_section fb_built=&#8221;1&#8243; disabled_on=&#8221;on|on|off&#8221; _builder_version=&#8221;4.9.0&#8243; _module_preset=&#8221;default&#8221; background_color=&#8221;#f5f5f5&#8243; positioning=&#8221;none&#8221; custom_padding=&#8221;3px||1px|||&#8221; border_width_bottom=&#8221;1px&#8221; border_color_bottom=&#8221;#e8e8e8&#8243;][et_pb_row column_structure=&#8221;1_2,1_2&#8243; _builder_version=&#8221;4.7.7&#8243; _module_preset=&#8221;default&#8221; custom_margin=&#8221;-2px|auto||auto||&#8221; custom_padding=&#8221;4px||3px|||&#8221;][et_pb_column type=&#8221;1_2&#8243; _builder_version=&#8221;4.7.7&#8243; _module_preset=&#8221;default&#8221;][et_pb_text _builder_version=&#8221;4.9.3&#8243; _module_preset=&#8221;default&#8221; text_font_size=&#8221;12px&#8221;]<\/p>\n<p><span>Consulting and sale of fire fighting and plumbing equipment<\/span<\/p>\n<p>[\/et_pb_text][\/et_pb_column][et_pb_column type=&#8221;1_2&#8243; _builder_version=&#8221;4.7.7&#8243; _module_preset=&#8221;default&#8221;][et_pb_text _builder_version=&#8221;4.9.3&#8243; _module_preset=&#8221;default&#8221; text_font_size=&#8221;12px&#8221; text_orientation=&#8221;right&#8221;]Do you want a quote?<span>\u00a0<\/span><a href=\"https:\/\/firesupplyhouse.com\/contactenos\/\">Contact us here<\/a>[\/et_pb_text][\/et_pb_column][\/et_pb_row][\/et_pb_section][et_pb_section fb_built=&#8221;1&#8243; disabled_on=&#8221;on|on|off&#8221; _builder_version=&#8221;4.9.3&#8243; _module_preset=&#8221;default&#8221; positioning=&#8221;none&#8221; custom_padding=&#8221;10px||9px|||&#8221; sticky_position=&#8221;top&#8221; border_width_bottom=&#8221;1px&#8221; border_color_bottom=&#8221;#e8e8e8&#8243;][et_pb_row column_structure=&#8221;1_4,1_2,1_4&#8243; _builder_version=&#8221;4.9.3&#8243; _module_preset=&#8221;default&#8221; custom_padding=&#8221;4px||7px|||&#8221;][et_pb_column type=&#8221;1_4&#8243; _builder_version=&#8221;4.7.7&#8243; _module_preset=&#8221;default&#8221;][et_pb_image src=&#8221;https:\/\/firesupplyhouse.com\/wp-content\/uploads\/2020\/12\/Logo-FireSupply.png&#8221; title_text=&#8221;Logo FireSupply&#8221; url=&#8221;@ET-DC@eyJkeW5hbWljIjp0cnVlLCJjb250ZW50IjoiaG9tZV91cmwiLCJzZXR0aW5ncyI6e319@&#8221; _builder_version=&#8221;4.9.0&#8243; _dynamic_attributes=&#8221;url&#8221; _module_preset=&#8221;default&#8221; transform_scale=&#8221;130%|130%&#8221; transform_scale_tablet=&#8221;&#8221; transform_scale_phone=&#8221;100%|100%&#8221; transform_scale_last_edited=&#8221;on|phone&#8221; transform_translate=&#8221;20px|0px&#8221; transform_translate_tablet=&#8221;&#8221; transform_translate_phone=&#8221;0px|0px&#8221; transform_translate_last_edited=&#8221;on|phone&#8221; transform_translate_linked=&#8221;off&#8221; transform_rotate_tablet=&#8221;&#8221; transform_rotate_phone=&#8221;&#8221; transform_rotate_last_edited=&#8221;on|phone&#8221; transform_skew_tablet=&#8221;&#8221; transform_skew_phone=&#8221;&#8221; transform_skew_last_edited=&#8221;on|phone&#8221; transform_origin_tablet=&#8221;&#8221; transform_origin_phone=&#8221;&#8221; transform_origin_last_edited=&#8221;on|phone&#8221; transform_styles_last_edited=&#8221;on|phone&#8221; max_width_tablet=&#8221;&#8221; max_width_phone=&#8221;300px&#8221; max_width_last_edited=&#8221;on|desktop&#8221; module_alignment=&#8221;center&#8221; custom_margin=&#8221;11px|||||&#8221; custom_margin_tablet=&#8221;&#8221; custom_margin_phone=&#8221;11px||-1px||false|false&#8221; custom_margin_last_edited=&#8221;on|phone&#8221; custom_padding_tablet=&#8221;&#8221; custom_padding_phone=&#8221;||0px||false|false&#8221; custom_padding_last_edited=&#8221;on|phone&#8221; transform_styles_tablet=&#8221;&#8221; transform_styles_phone=&#8221;&#8221; max_width__sticky_enabled=&#8221;on|sticky&#8221; max_width__sticky=&#8221;300px&#8221;][\/et_pb_image][\/et_pb_column][et_pb_column type=&#8221;1_2&#8243; _builder_version=&#8221;4.7.7&#8243; _module_preset=&#8221;default&#8221;][et_pb_menu menu_style=&#8221;centered&#8221; active_link_color=&#8221;#e22727&#8243; logo_max_width=&#8221;62%&#8221; _builder_version=&#8221;4.7.7&#8243; _module_preset=&#8221;default&#8221; menu_font=&#8221;Alata|700|||||||&#8221; menu_font_size=&#8221;16px&#8221; transform_scale_tablet=&#8221;&#8221; transform_scale_phone=&#8221;&#8221; transform_scale_last_edited=&#8221;on|phone&#8221; transform_translate=&#8221;25px|0px&#8221; transform_translate_tablet=&#8221;&#8221; transform_translate_phone=&#8221;0px|0px&#8221; transform_translate_last_edited=&#8221;on|phone&#8221; transform_translate_linked=&#8221;off&#8221; transform_rotate_tablet=&#8221;&#8221; transform_rotate_phone=&#8221;&#8221; transform_rotate_last_edited=&#8221;on|phone&#8221; transform_skew_tablet=&#8221;&#8221; transform_skew_phone=&#8221;&#8221; transform_skew_last_edited=&#8221;on|phone&#8221; transform_origin_tablet=&#8221;&#8221; transform_origin_phone=&#8221;&#8221; transform_origin_last_edited=&#8221;on|phone&#8221; transform_styles_last_edited=&#8221;on|phone&#8221; custom_margin=&#8221;7px|||||&#8221; custom_padding=&#8221;0px|||||&#8221; transform_styles_tablet=&#8221;&#8221; transform_styles_phone=&#8221;&#8221;][\/et_pb_menu][\/et_pb_column][et_pb_column type=&#8221;1_4&#8243; _builder_version=&#8221;4.7.7&#8243; _module_preset=&#8221;default&#8221;][et_pb_button button_url=&#8221;https:\/\/firesupplyhouse.com\/contactenos\/&#8221; button_text=&#8221;Contact Us&#8221; button_alignment=&#8221;center&#8221; disabled_on=&#8221;on|on|off&#8221; _builder_version=&#8221;4.9.3&#8243; _module_preset=&#8221;default&#8221; custom_button=&#8221;on&#8221; button_text_size=&#8221;18px&#8221; button_text_color=&#8221;#ffffff&#8221; button_bg_color=&#8221;#E22727&#8243; button_border_color=&#8221;#E22727&#8243; button_border_radius=&#8221;5px&#8221; button_font=&#8221;Alata||||||||&#8221; custom_margin=&#8221;0px|||||&#8221; box_shadow_style=&#8221;preset4&#8243; box_shadow_horizontal=&#8221;2px&#8221; box_shadow_vertical=&#8221;2px&#8221; box_shadow_color=&#8221;#3C414C&#8221;][\/et_pb_button][\/et_pb_column][\/et_pb_row][\/et_pb_section][et_pb_section fb_built=&#8221;1&#8243; disabled_on=&#8221;off|off|on&#8221; _builder_version=&#8221;4.9.3&#8243; _module_preset=&#8221;default&#8221; positioning=&#8221;none&#8221; custom_padding=&#8221;10px||9px|||&#8221; sticky_position=&#8221;top&#8221; border_width_bottom=&#8221;1px&#8221; border_color_bottom=&#8221;#e8e8e8&#8243;][et_pb_row _builder_version=&#8221;4.9.3&#8243; _module_preset=&#8221;default&#8221; custom_padding=&#8221;4px||7px|||&#8221;][et_pb_column type=&#8221;4_4&#8243; _builder_version=&#8221;4.7.7&#8243; _module_preset=&#8221;default&#8221;][et_pb_image src=&#8221;https:\/\/firesupplyhouse.com\/wp-content\/uploads\/2020\/12\/Logo-FireSupply.png&#8221; title_text=&#8221;Logo FireSupply&#8221; url=&#8221;@ET-DC@eyJkeW5hbWljIjp0cnVlLCJjb250ZW50IjoiaG9tZV91cmwiLCJzZXR0aW5ncyI6e319@&#8221; _builder_version=&#8221;4.9.3&#8243; _dynamic_attributes=&#8221;url&#8221; _module_preset=&#8221;default&#8221; transform_scale_phone=&#8221;100%|100%&#8221; transform_scale_last_edited=&#8221;off|phone&#8221; transform_translate_phone=&#8221;0px|0px&#8221; transform_translate_last_edited=&#8221;off|phone&#8221; transform_rotate_last_edited=&#8221;off|phone&#8221; transform_skew_last_edited=&#8221;off|phone&#8221; transform_origin_last_edited=&#8221;off|phone&#8221; transform_styles_last_edited=&#8221;off|phone&#8221; max_width_tablet=&#8221;&#8221; max_width_phone=&#8221;300px&#8221; max_width_last_edited=&#8221;on|desktop&#8221; module_alignment=&#8221;center&#8221; custom_margin=&#8221;11px|||||&#8221; custom_margin_tablet=&#8221;&#8221; custom_margin_phone=&#8221;11px||0px||false|false&#8221; custom_margin_last_edited=&#8221;on|phone&#8221; custom_padding_tablet=&#8221;&#8221; custom_padding_phone=&#8221;||0px||false|false&#8221; custom_padding_last_edited=&#8221;on|phone&#8221; max_width__sticky_enabled=&#8221;on|sticky&#8221; max_width__sticky=&#8221;300px&#8221;][\/et_pb_image][et_pb_menu menu_style=&#8221;centered&#8221; active_link_color=&#8221;#e22727&#8243; logo_max_width=&#8221;62%&#8221; _builder_version=&#8221;4.9.3&#8243; _module_preset=&#8221;default&#8221; menu_font=&#8221;Alata|700|||||||&#8221; menu_font_size=&#8221;16px&#8221; transform_scale_last_edited=&#8221;off|desktop&#8221; transform_translate_phone=&#8221;0px|0px&#8221; transform_translate_last_edited=&#8221;off|desktop&#8221; transform_rotate_last_edited=&#8221;off|desktop&#8221; transform_skew_last_edited=&#8221;off|desktop&#8221; transform_origin_last_edited=&#8221;off|desktop&#8221; transform_styles_last_edited=&#8221;off|desktop&#8221; custom_margin=&#8221;7px|||||&#8221; custom_padding=&#8221;0px|||||&#8221;][\/et_pb_menu][\/et_pb_column][\/et_pb_row][\/et_pb_section]<\/p>\n","protected":false},"excerpt":{"rendered":"<div class=\"proinnerttl\">\n<div class=\"proinnerttl\">\n<div class=\"proinnerttl\">\n<div class=\"proinnerttl\">\n<div class=\"proinnerttl\">\n<div class=\"proinnerttl\">\n<div class=\"proinnerttl\">\n<div class=\"proinnerttl\">\n<div class=\"proinnerttl\">\n<div class=\"proinnerttl\"><strong>Espuma de fluoroprote\u00edna formadora de pel\u00edcula FFFP 3\/6-C6<\/strong><\/div>\n<div class=\"proinnertext\">HD FFFP se basa en material proteico, lo que proporciona un buen sellado y una excelente resistencia a la quemadura. La limitaci\u00f3n de la espuma proteica con respecto a la propagaci\u00f3n lenta se supera mediante la incorporaci\u00f3n de tensioactivo fluorado en la formulaci\u00f3n; Se mejora la distribuci\u00f3n sin afectar a la estabilidad de la espuma. HD FFFP es adecuado para combatir incendios de disolventes inflamables no polares.<\/div>\n<\/div>\n<\/div>\n<\/div>\n<\/div>\n<\/div>\n<\/div>\n<\/div>\n<\/div>\n<\/div>","protected":false},"featured_media":4993,"template":"","meta":{"_et_pb_use_builder":"on","_et_pb_old_content":"[et_pb_section fb_built=\"1\" disabled_on=\"on|on|off\" _builder_version=\"4.9.0\" _module_preset=\"default\" background_color=\"#f5f5f5\" positioning=\"none\" custom_padding=\"3px||1px|||\" border_width_bottom=\"1px\" border_color_bottom=\"#e8e8e8\"][et_pb_row column_structure=\"1_2,1_2\" _builder_version=\"4.7.7\" _module_preset=\"default\" custom_margin=\"-2px|auto||auto||\" custom_padding=\"4px||3px|||\"][et_pb_column type=\"1_2\" _builder_version=\"4.7.7\" _module_preset=\"default\"][et_pb_text _builder_version=\"4.9.3\" _module_preset=\"default\" text_font_size=\"12px\"]\r\n\r\nConsulting and sale of fire fighting and plumbing equipment&lt;\/span\r\n\r\n[\/et_pb_text][\/et_pb_column][et_pb_column type=\"1_2\" _builder_version=\"4.7.7\" _module_preset=\"default\"][et_pb_text _builder_version=\"4.9.3\" _module_preset=\"default\" text_font_size=\"12px\" text_orientation=\"right\"]Do you want a quote?\u00a0<a href=\"https:\/\/firesupplyhouse.com\/contactenos\/\">Contact us here<\/a>[\/et_pb_text][\/et_pb_column][\/et_pb_row][\/et_pb_section][et_pb_section fb_built=\"1\" disabled_on=\"on|on|off\" _builder_version=\"4.9.3\" _module_preset=\"default\" positioning=\"none\" custom_padding=\"10px||9px|||\" sticky_position=\"top\" border_width_bottom=\"1px\" border_color_bottom=\"#e8e8e8\"][et_pb_row column_structure=\"1_4,1_2,1_4\" _builder_version=\"4.9.3\" _module_preset=\"default\" custom_padding=\"4px||7px|||\"][et_pb_column type=\"1_4\" _builder_version=\"4.7.7\" _module_preset=\"default\"][et_pb_image src=\"https:\/\/firesupplyhouse.com\/wp-content\/uploads\/2020\/12\/Logo-FireSupply.png\" title_text=\"Logo FireSupply\" url=\"@ET-DC@eyJkeW5hbWljIjp0cnVlLCJjb250ZW50IjoiaG9tZV91cmwiLCJzZXR0aW5ncyI6e319@\" _builder_version=\"4.9.0\" _dynamic_attributes=\"url\" _module_preset=\"default\" transform_scale=\"130%|130%\" transform_scale_tablet=\"\" transform_scale_phone=\"100%|100%\" transform_scale_last_edited=\"on|phone\" transform_translate=\"20px|0px\" transform_translate_tablet=\"\" transform_translate_phone=\"0px|0px\" transform_translate_last_edited=\"on|phone\" transform_translate_linked=\"off\" transform_rotate_tablet=\"\" transform_rotate_phone=\"\" transform_rotate_last_edited=\"on|phone\" transform_skew_tablet=\"\" transform_skew_phone=\"\" transform_skew_last_edited=\"on|phone\" transform_origin_tablet=\"\" transform_origin_phone=\"\" transform_origin_last_edited=\"on|phone\" transform_styles_last_edited=\"on|phone\" max_width_tablet=\"\" max_width_phone=\"300px\" max_width_last_edited=\"on|desktop\" module_alignment=\"center\" custom_margin=\"11px|||||\" custom_margin_tablet=\"\" custom_margin_phone=\"11px||-1px||false|false\" custom_margin_last_edited=\"on|phone\" custom_padding_tablet=\"\" custom_padding_phone=\"||0px||false|false\" custom_padding_last_edited=\"on|phone\" transform_styles_tablet=\"\" transform_styles_phone=\"\" max_width__sticky_enabled=\"on|sticky\" max_width__sticky=\"300px\"][\/et_pb_image][\/et_pb_column][et_pb_column type=\"1_2\" _builder_version=\"4.7.7\" _module_preset=\"default\"][et_pb_menu menu_style=\"centered\" active_link_color=\"#e22727\" logo_max_width=\"62%\" _builder_version=\"4.7.7\" _module_preset=\"default\" menu_font=\"Alata|700|||||||\" menu_font_size=\"16px\" transform_scale_tablet=\"\" transform_scale_phone=\"\" transform_scale_last_edited=\"on|phone\" transform_translate=\"25px|0px\" transform_translate_tablet=\"\" transform_translate_phone=\"0px|0px\" transform_translate_last_edited=\"on|phone\" transform_translate_linked=\"off\" transform_rotate_tablet=\"\" transform_rotate_phone=\"\" transform_rotate_last_edited=\"on|phone\" transform_skew_tablet=\"\" transform_skew_phone=\"\" transform_skew_last_edited=\"on|phone\" transform_origin_tablet=\"\" transform_origin_phone=\"\" transform_origin_last_edited=\"on|phone\" transform_styles_last_edited=\"on|phone\" custom_margin=\"7px|||||\" custom_padding=\"0px|||||\" transform_styles_tablet=\"\" transform_styles_phone=\"\"][\/et_pb_menu][\/et_pb_column][et_pb_column type=\"1_4\" _builder_version=\"4.7.7\" _module_preset=\"default\"][et_pb_button button_url=\"https:\/\/firesupplyhouse.com\/contactenos\/\" button_text=\"Contact Us\" button_alignment=\"center\" disabled_on=\"on|on|off\" _builder_version=\"4.9.3\" _module_preset=\"default\" custom_button=\"on\" button_text_size=\"18px\" button_text_color=\"#ffffff\" button_bg_color=\"#E22727\" button_border_color=\"#E22727\" button_border_radius=\"5px\" button_font=\"Alata||||||||\" custom_margin=\"0px|||||\" box_shadow_style=\"preset4\" box_shadow_horizontal=\"2px\" box_shadow_vertical=\"2px\" box_shadow_color=\"#3C414C\"][\/et_pb_button][\/et_pb_column][\/et_pb_row][\/et_pb_section][et_pb_section fb_built=\"1\" disabled_on=\"off|off|on\" _builder_version=\"4.9.3\" _module_preset=\"default\" positioning=\"none\" custom_padding=\"10px||9px|||\" sticky_position=\"top\" border_width_bottom=\"1px\" border_color_bottom=\"#e8e8e8\"][et_pb_row _builder_version=\"4.9.3\" _module_preset=\"default\" custom_padding=\"4px||7px|||\"][et_pb_column type=\"4_4\" _builder_version=\"4.7.7\" _module_preset=\"default\"][et_pb_image src=\"https:\/\/firesupplyhouse.com\/wp-content\/uploads\/2020\/12\/Logo-FireSupply.png\" title_text=\"Logo FireSupply\" url=\"@ET-DC@eyJkeW5hbWljIjp0cnVlLCJjb250ZW50IjoiaG9tZV91cmwiLCJzZXR0aW5ncyI6e319@\" _builder_version=\"4.9.3\" _dynamic_attributes=\"url\" _module_preset=\"default\" transform_scale_phone=\"100%|100%\" transform_scale_last_edited=\"off|phone\" transform_translate_phone=\"0px|0px\" transform_translate_last_edited=\"off|phone\" transform_rotate_last_edited=\"off|phone\" transform_skew_last_edited=\"off|phone\" transform_origin_last_edited=\"off|phone\" transform_styles_last_edited=\"off|phone\" max_width_tablet=\"\" max_width_phone=\"300px\" max_width_last_edited=\"on|desktop\" module_alignment=\"center\" custom_margin=\"11px|||||\" custom_margin_tablet=\"\" custom_margin_phone=\"11px||0px||false|false\" custom_margin_last_edited=\"on|phone\" custom_padding_tablet=\"\" custom_padding_phone=\"||0px||false|false\" custom_padding_last_edited=\"on|phone\" max_width__sticky_enabled=\"on|sticky\" max_width__sticky=\"300px\"][\/et_pb_image][et_pb_menu menu_style=\"centered\" active_link_color=\"#e22727\" logo_max_width=\"62%\" _builder_version=\"4.9.3\" _module_preset=\"default\" menu_font=\"Alata|700|||||||\" menu_font_size=\"16px\" transform_scale_last_edited=\"off|desktop\" transform_translate_phone=\"0px|0px\" transform_translate_last_edited=\"off|desktop\" transform_rotate_last_edited=\"off|desktop\" transform_skew_last_edited=\"off|desktop\" transform_origin_last_edited=\"off|desktop\" transform_styles_last_edited=\"off|desktop\" custom_margin=\"7px|||||\" custom_padding=\"0px|||||\"][\/et_pb_menu][\/et_pb_column][\/et_pb_row][\/et_pb_section]","_et_gb_content_width":"","_joinchat":[]},"_links":{"self":[{"href":"https:\/\/firesupplyhouse.com\/es\/wp-json\/wp\/v2\/product\/5675"}],"collection":[{"href":"https:\/\/firesupplyhouse.com\/es\/wp-json\/wp\/v2\/product"}],"about":[{"href":"https:\/\/firesupplyhouse.com\/es\/wp-json\/wp\/v2\/types\/product"}],"wp:featuredmedia":[{"embeddable":true,"href":"https:\/\/firesupplyhouse.com\/es\/wp-json\/wp\/v2\/media\/4993"}],"wp:attachment":[{"href":"https:\/\/firesupplyhouse.com\/es\/wp-json\/wp\/v2\/media?parent=5675"}],"curies":[{"name":"wp","href":"https:\/\/api.w.org\/{rel}","templated":true}]}}