{"id":651,"date":"2021-01-20T15:10:54","date_gmt":"2021-01-20T15:10:54","guid":{"rendered":"https:\/\/firesupplyhouse.com\/producto\/extintor-portatil-presurizado-pqs-abc-ul-buckeye\/"},"modified":"2021-05-08T04:32:56","modified_gmt":"2021-05-08T04:32:56","slug":"extintor-portatil-presurizado-pqs-abc-ul-buckeye","status":"publish","type":"product","link":"https:\/\/firesupplyhouse.com\/es\/producto\/extintor-portatil-presurizado-pqs-abc-ul-buckeye\/","title":{"rendered":"Extintor port\u00e1til presurizado, PQS ABC, listado UL, Buckeye"},"content":{"rendered":"<p>Extintor port\u00e1til presurizado y cargado con PQS ABC, v\u00e1lvula de bronce o v\u00e1lvula de aluminio. Capacidad: 2.5 libras, 5 libras, 10 libras, 20 libras, 30 libras, listado UL. Casta\u00f1o de Indias<\/p>","protected":false},"excerpt":{"rendered":"<p>Extintor port\u00e1til presurizado y cargado con PQS ABC, v\u00e1lvula de bronce o v\u00e1lvula de aluminio. Capacidad: 2.5 libras, 5 libras, 10 libras, 20 libras, 30 libras, listado UL. Casta\u00f1o de Indias<\/p>","protected":false},"featured_media":427,"template":"","meta":{"_et_pb_use_builder":"","_et_pb_old_content":"","_et_gb_content_width":"","_joinchat":[]},"_links":{"self":[{"href":"https:\/\/firesupplyhouse.com\/es\/wp-json\/wp\/v2\/product\/651"}],"collection":[{"href":"https:\/\/firesupplyhouse.com\/es\/wp-json\/wp\/v2\/product"}],"about":[{"href":"https:\/\/firesupplyhouse.com\/es\/wp-json\/wp\/v2\/types\/product"}],"wp:featuredmedia":[{"embeddable":true,"href":"https:\/\/firesupplyhouse.com\/es\/wp-json\/wp\/v2\/media\/427"}],"wp:attachment":[{"href":"https:\/\/firesupplyhouse.com\/es\/wp-json\/wp\/v2\/media?parent=651"}],"curies":[{"name":"wp","href":"https:\/\/api.w.org\/{rel}","templated":true}]}}