{"id":652,"date":"2021-01-20T15:10:54","date_gmt":"2021-01-20T15:10:54","guid":{"rendered":"https:\/\/firesupplyhouse.com\/producto\/extintor-portatil-presurizado-pqs-bc-pk-listado-ul-buckeye\/"},"modified":"2024-04-04T14:51:29","modified_gmt":"2024-04-04T14:51:29","slug":"extintor-portatil-presurizado-pqs-bc-pk-listado-ul-buckeye","status":"publish","type":"product","link":"https:\/\/firesupplyhouse.com\/es\/producto\/extintor-portatil-presurizado-pqs-bc-pk-listado-ul-buckeye\/","title":{"rendered":"Extintor port\u00e1til presurizado, PQS BC, PK, listado UL, Buckeye"},"content":{"rendered":"<p>Extintor port\u00e1til presurizado y cargado con PQS BC, Purple K, v\u00e1lvula de bronce o v\u00e1lvula de aluminio. Capacidad: 2.5 libras, 5 libras, 10 libras, 20 libras, 30 libras, listado UL. Casta\u00f1o de Indias<\/p>","protected":false},"excerpt":{"rendered":"<p>Extintor port\u00e1til presurizado y cargado con PQS BC, Purple K, v\u00e1lvula de bronce o v\u00e1lvula de aluminio. Capacidad: 2.5 libras, 5 libras, 10 libras, 20 libras, 30 libras, listado UL. Casta\u00f1o de Indias<\/p>","protected":false},"featured_media":428,"template":"","meta":{"_et_pb_use_builder":"on","_et_pb_old_content":"Pressurized portable fire extinguisher and charged with PQS BC, Purple K, bronze valve or aluminum valve. Capacity: 2.5lbs, 5lbs, 10lbs, 20lbs, 30lbs, UL Listed. Buckeye","_et_gb_content_width":"","_joinchat":[]},"_links":{"self":[{"href":"https:\/\/firesupplyhouse.com\/es\/wp-json\/wp\/v2\/product\/652"}],"collection":[{"href":"https:\/\/firesupplyhouse.com\/es\/wp-json\/wp\/v2\/product"}],"about":[{"href":"https:\/\/firesupplyhouse.com\/es\/wp-json\/wp\/v2\/types\/product"}],"wp:featuredmedia":[{"embeddable":true,"href":"https:\/\/firesupplyhouse.com\/es\/wp-json\/wp\/v2\/media\/428"}],"wp:attachment":[{"href":"https:\/\/firesupplyhouse.com\/es\/wp-json\/wp\/v2\/media?parent=652"}],"curies":[{"name":"wp","href":"https:\/\/api.w.org\/{rel}","templated":true}]}}