{"id":657,"date":"2021-01-20T15:10:54","date_gmt":"2021-01-20T15:10:54","guid":{"rendered":"https:\/\/firesupplyhouse.com\/producto\/extintor-portatil-water-mist-listado-ul-buckeye\/"},"modified":"2021-05-08T04:38:36","modified_gmt":"2021-05-08T04:38:36","slug":"extintor-portatil-water-mist-listado-ul-buckeye","status":"publish","type":"product","link":"https:\/\/firesupplyhouse.com\/es\/producto\/extintor-portatil-water-mist-listado-ul-buckeye\/","title":{"rendered":"Extintor de incendios port\u00e1til, agua nebulizada, listado UL. Casta\u00f1o de Indias"},"content":{"rendered":"<p>Extintor de incendios port\u00e1til, Agua nebulizada. Capacidad de 2.5 galones. Listado UL. Casta\u00f1o de Indias<\/p>","protected":false},"excerpt":{"rendered":"<p>Extintor de incendios port\u00e1til, Agua nebulizada. Capacidad de 2.5 galones. Listado UL. Casta\u00f1o de Indias<\/p>","protected":false},"featured_media":424,"template":"","meta":{"_et_pb_use_builder":"","_et_pb_old_content":"","_et_gb_content_width":"","_joinchat":[]},"_links":{"self":[{"href":"https:\/\/firesupplyhouse.com\/es\/wp-json\/wp\/v2\/product\/657"}],"collection":[{"href":"https:\/\/firesupplyhouse.com\/es\/wp-json\/wp\/v2\/product"}],"about":[{"href":"https:\/\/firesupplyhouse.com\/es\/wp-json\/wp\/v2\/types\/product"}],"wp:featuredmedia":[{"embeddable":true,"href":"https:\/\/firesupplyhouse.com\/es\/wp-json\/wp\/v2\/media\/424"}],"wp:attachment":[{"href":"https:\/\/firesupplyhouse.com\/es\/wp-json\/wp\/v2\/media?parent=657"}],"curies":[{"name":"wp","href":"https:\/\/api.w.org\/{rel}","templated":true}]}}