{"id":737,"date":"2021-01-25T13:42:08","date_gmt":"2021-01-25T13:42:08","guid":{"rendered":"https:\/\/firesupplyhouse.com\/producto\/valvulas-hydrocore-webstone\/"},"modified":"2021-05-08T04:55:16","modified_gmt":"2021-05-08T04:55:16","slug":"valvulas-hydrocore-webstone","status":"publish","type":"product","link":"https:\/\/firesupplyhouse.com\/es\/producto\/valvulas-hydrocore-webstone\/","title":{"rendered":"V\u00e1lvulas Hydrocore de Webstone"},"content":{"rendered":"<p>Cat\u00e1logo de v\u00e1lvulas Hydrocore Webstone: EL N\u00daCLEO DE CUALQUIER INSTALACI\u00d3N HIDR\u00d3NICA PROFESIONAL. Instale y repare f\u00e1cilmente cualquier caldera o circuito secundario cercano.<\/p>\n<p><iframe loading=\"lazy\" title=\"Hydro-Core\" width=\"1080\" height=\"608\" src=\"https:\/\/www.youtube.com\/embed\/NSKqoosNB_A?feature=oembed\"  allow=\"accelerometer; autoplay; clipboard-write; encrypted-media; gyroscope; picture-in-picture\" allowfullscreen><\/iframe><\/p>","protected":false},"excerpt":{"rendered":"<p>Cat\u00e1logo de v\u00e1lvulas Hydrocore Webstone: EL N\u00daCLEO DE CUALQUIER INSTALACI\u00d3N HIDR\u00d3NICA PROFESIONAL. Instale y repare f\u00e1cilmente cualquier caldera o circuito secundario cercano.<\/p>","protected":false},"featured_media":726,"template":"","meta":{"_et_pb_use_builder":"","_et_pb_old_content":"","_et_gb_content_width":"","_joinchat":[]},"_links":{"self":[{"href":"https:\/\/firesupplyhouse.com\/es\/wp-json\/wp\/v2\/product\/737"}],"collection":[{"href":"https:\/\/firesupplyhouse.com\/es\/wp-json\/wp\/v2\/product"}],"about":[{"href":"https:\/\/firesupplyhouse.com\/es\/wp-json\/wp\/v2\/types\/product"}],"wp:featuredmedia":[{"embeddable":true,"href":"https:\/\/firesupplyhouse.com\/es\/wp-json\/wp\/v2\/media\/726"}],"wp:attachment":[{"href":"https:\/\/firesupplyhouse.com\/es\/wp-json\/wp\/v2\/media?parent=737"}],"curies":[{"name":"wp","href":"https:\/\/api.w.org\/{rel}","templated":true}]}}