{"id":738,"date":"2021-01-25T13:42:08","date_gmt":"2021-01-25T13:42:08","guid":{"rendered":"https:\/\/firesupplyhouse.com\/producto\/valvulas-isolator-webstone\/"},"modified":"2021-05-08T04:55:52","modified_gmt":"2021-05-08T04:55:52","slug":"valvulas-isolator-webstone","status":"publish","type":"product","link":"https:\/\/firesupplyhouse.com\/es\/producto\/valvulas-isolator-webstone\/","title":{"rendered":"V\u00e1lvulas con brida aislante Webstone"},"content":{"rendered":"<p>Cat\u00e1logo de v\u00e1lvulas aislantes de Webstone: a\u00edsla la bomba para su reemplazo o servicio del sistema. La brida de 360 \u00b0 permite el posicionamiento en cualquier grado de rotaci\u00f3n requerido para su instalaci\u00f3n espec\u00edfica.<\/p>\n<p><iframe loading=\"lazy\" title=\"Aislador con brida giratoria\" width=\"1080\" height=\"608\" src=\"https:\/\/www.youtube.com\/embed\/HlUAmzyAQG8?feature=oembed\"  allow=\"accelerometer; autoplay; clipboard-write; encrypted-media; gyroscope; picture-in-picture\" allowfullscreen><\/iframe><br \/>\n<iframe loading=\"lazy\" title=\"Aislador con brida giratoria y drenaje multifunci\u00f3n\" width=\"1080\" height=\"608\" src=\"https:\/\/www.youtube.com\/embed\/mPxdd4p5o-w?feature=oembed\"  allow=\"accelerometer; autoplay; clipboard-write; encrypted-media; gyroscope; picture-in-picture\" allowfullscreen><\/iframe><\/p>","protected":false},"excerpt":{"rendered":"<p>Cat\u00e1logo de v\u00e1lvulas aislantes de Webstone: a\u00edsla la bomba para su reemplazo o servicio del sistema. La brida de 360 \u00b0 permite el posicionamiento en cualquier grado de rotaci\u00f3n requerido para su instalaci\u00f3n espec\u00edfica.<\/p>","protected":false},"featured_media":731,"template":"","meta":{"_et_pb_use_builder":"","_et_pb_old_content":"","_et_gb_content_width":"","_joinchat":[]},"_links":{"self":[{"href":"https:\/\/firesupplyhouse.com\/es\/wp-json\/wp\/v2\/product\/738"}],"collection":[{"href":"https:\/\/firesupplyhouse.com\/es\/wp-json\/wp\/v2\/product"}],"about":[{"href":"https:\/\/firesupplyhouse.com\/es\/wp-json\/wp\/v2\/types\/product"}],"wp:featuredmedia":[{"embeddable":true,"href":"https:\/\/firesupplyhouse.com\/es\/wp-json\/wp\/v2\/media\/731"}],"wp:attachment":[{"href":"https:\/\/firesupplyhouse.com\/es\/wp-json\/wp\/v2\/media?parent=738"}],"curies":[{"name":"wp","href":"https:\/\/api.w.org\/{rel}","templated":true}]}}