{"id":739,"date":"2021-01-25T13:42:08","date_gmt":"2021-01-25T13:42:08","guid":{"rendered":"https:\/\/firesupplyhouse.com\/producto\/valvulas-propal-webstone\/"},"modified":"2021-05-08T04:56:14","modified_gmt":"2021-05-08T04:56:14","slug":"valvulas-propal-webstone","status":"publish","type":"product","link":"https:\/\/firesupplyhouse.com\/es\/producto\/valvulas-propal-webstone\/","title":{"rendered":"V\u00e1lvulas Propal Webstone"},"content":{"rendered":"<p>Cat\u00e1logo de v\u00e1lvulas Propal Webstone: elimina los conjuntos necesarios para aislar y drenar cualquier parte de un sistema de tuber\u00edas.<\/p>\n<p><iframe loading=\"lazy\" title=\"Serie Pro-Pal - Drenaje de bola\" width=\"1080\" height=\"608\" src=\"https:\/\/www.youtube.com\/embed\/oe-Vugd9RP8?feature=oembed\"  allow=\"accelerometer; autoplay; clipboard-write; encrypted-media; gyroscope; picture-in-picture\" allowfullscreen><\/iframe><br \/>\n<iframe loading=\"lazy\" title=\"Serie Pro-Pal - Drenaje en T\" width=\"1080\" height=\"608\" src=\"https:\/\/www.youtube.com\/embed\/n5ykH8iHKAI?feature=oembed\"  allow=\"accelerometer; autoplay; clipboard-write; encrypted-media; gyroscope; picture-in-picture\" allowfullscreen><\/iframe><br \/>\n<iframe loading=\"lazy\" title=\"Serie Pro-Pal - V\u00e1lvula de servicio Pro para tanque de expansi\u00f3n\" width=\"1080\" height=\"608\" src=\"https:\/\/www.youtube.com\/embed\/Pv-e6UuMzeA?feature=oembed\"  allow=\"accelerometer; autoplay; clipboard-write; encrypted-media; gyroscope; picture-in-picture\" allowfullscreen><\/iframe><\/p>","protected":false},"excerpt":{"rendered":"<p>Cat\u00e1logo de v\u00e1lvulas Propal Webstone: elimina los conjuntos necesarios para aislar y drenar cualquier parte de un sistema de tuber\u00edas.<\/p>","protected":false},"featured_media":723,"template":"","meta":{"_et_pb_use_builder":"","_et_pb_old_content":"","_et_gb_content_width":"","_joinchat":[]},"_links":{"self":[{"href":"https:\/\/firesupplyhouse.com\/es\/wp-json\/wp\/v2\/product\/739"}],"collection":[{"href":"https:\/\/firesupplyhouse.com\/es\/wp-json\/wp\/v2\/product"}],"about":[{"href":"https:\/\/firesupplyhouse.com\/es\/wp-json\/wp\/v2\/types\/product"}],"wp:featuredmedia":[{"embeddable":true,"href":"https:\/\/firesupplyhouse.com\/es\/wp-json\/wp\/v2\/media\/723"}],"wp:attachment":[{"href":"https:\/\/firesupplyhouse.com\/es\/wp-json\/wp\/v2\/media?parent=739"}],"curies":[{"name":"wp","href":"https:\/\/api.w.org\/{rel}","templated":true}]}}