{"id":740,"date":"2021-01-25T13:42:08","date_gmt":"2021-01-25T13:42:08","guid":{"rendered":"https:\/\/firesupplyhouse.com\/producto\/valvulas-y-accesorios-pro-connect-y-pro-push-webstone\/"},"modified":"2021-05-08T04:56:52","modified_gmt":"2021-05-08T04:56:52","slug":"valvulas-y-accesorios-pro-connect-y-pro-push-webstone","status":"publish","type":"product","link":"https:\/\/firesupplyhouse.com\/es\/producto\/valvulas-y-accesorios-pro-connect-y-pro-push-webstone\/","title":{"rendered":"V\u00e1lvulas y accesorios Pro-Connect y Pro-Push Webstone"},"content":{"rendered":"<p>Cat\u00e1logo de v\u00e1lvulas y accesorios Pro-connect y pro push de Webstone: con m\u00e1s de 200 art\u00edculos en tama\u00f1os de 1\/4 - 2 &quot;, la l\u00ednea ProPush sin plomo de Webstone es una de las l\u00edneas de ajuste a presi\u00f3n m\u00e1s completas y vers\u00e1tiles. Todos los productos est\u00e1n equipados con accesorios f\u00e1ciles de quitar dise\u00f1ados espec\u00edficamente para su uso en sistemas COPPER, PEX y CPVC.<\/p>\n<p><iframe loading=\"lazy\" title=\"Pro-Connect ProPush \u2122\" width=\"1080\" height=\"608\" src=\"https:\/\/www.youtube.com\/embed\/f6XYOnqcxZM?feature=oembed\"  allow=\"accelerometer; autoplay; clipboard-write; encrypted-media; gyroscope; picture-in-picture\" allowfullscreen><\/iframe><\/p>","protected":false},"excerpt":{"rendered":"<p>Cat\u00e1logo de v\u00e1lvulas y accesorios Pro-connect y pro push de Webstone: con m\u00e1s de 200 art\u00edculos en tama\u00f1os de 1\/4 - 2 &quot;, la l\u00ednea ProPush sin plomo de Webstone es una de las l\u00edneas de ajuste a presi\u00f3n m\u00e1s completas y vers\u00e1tiles. Todos los productos est\u00e1n equipados con accesorios f\u00e1ciles de quitar dise\u00f1ados espec\u00edficamente para su uso en sistemas COPPER, PEX y CPVC.<\/p>","protected":false},"featured_media":721,"template":"","meta":{"_et_pb_use_builder":"","_et_pb_old_content":"","_et_gb_content_width":"","_joinchat":[]},"_links":{"self":[{"href":"https:\/\/firesupplyhouse.com\/es\/wp-json\/wp\/v2\/product\/740"}],"collection":[{"href":"https:\/\/firesupplyhouse.com\/es\/wp-json\/wp\/v2\/product"}],"about":[{"href":"https:\/\/firesupplyhouse.com\/es\/wp-json\/wp\/v2\/types\/product"}],"wp:featuredmedia":[{"embeddable":true,"href":"https:\/\/firesupplyhouse.com\/es\/wp-json\/wp\/v2\/media\/721"}],"wp:attachment":[{"href":"https:\/\/firesupplyhouse.com\/es\/wp-json\/wp\/v2\/media?parent=740"}],"curies":[{"name":"wp","href":"https:\/\/api.w.org\/{rel}","templated":true}]}}