{"id":746,"date":"2021-01-25T14:05:14","date_gmt":"2021-01-25T14:05:14","guid":{"rendered":"https:\/\/firesupplyhouse.com\/producto\/tanque-de-presion-atmosferica-horizontal-vertical-capacidad-de-200-a-1600-gls-buckeye\/"},"modified":"2021-05-08T05:14:04","modified_gmt":"2021-05-08T05:14:04","slug":"tanque-de-presion-atmosferica-horizontal-vertical-capacidad-de-200-a-1600-gls-buckeye","status":"publish","type":"product","link":"https:\/\/firesupplyhouse.com\/es\/producto\/tanque-de-presion-atmosferica-horizontal-vertical-capacidad-de-200-a-1600-gls-buckeye\/","title":{"rendered":"Tanque de Presi\u00f3n Atmosf\u00e9rica horizontal \/ vertical de 200 a 1600 galones. Casta\u00f1o de Indias."},"content":{"rendered":"<p>Tanque de presi\u00f3n atmosf\u00e9rica fabricado en acero al carbono o acero, fibra de vidrio y polietileno.<\/p>","protected":false},"excerpt":{"rendered":"<p>Tanque de presi\u00f3n atmosf\u00e9rica fabricado en acero al carbono o acero, fibra de vidrio y polietileno.<\/p>","protected":false},"featured_media":743,"template":"","meta":{"_et_pb_use_builder":"","_et_pb_old_content":"","_et_gb_content_width":"","_joinchat":[]},"_links":{"self":[{"href":"https:\/\/firesupplyhouse.com\/es\/wp-json\/wp\/v2\/product\/746"}],"collection":[{"href":"https:\/\/firesupplyhouse.com\/es\/wp-json\/wp\/v2\/product"}],"about":[{"href":"https:\/\/firesupplyhouse.com\/es\/wp-json\/wp\/v2\/types\/product"}],"wp:featuredmedia":[{"embeddable":true,"href":"https:\/\/firesupplyhouse.com\/es\/wp-json\/wp\/v2\/media\/743"}],"wp:attachment":[{"href":"https:\/\/firesupplyhouse.com\/es\/wp-json\/wp\/v2\/media?parent=746"}],"curies":[{"name":"wp","href":"https:\/\/api.w.org\/{rel}","templated":true}]}}