{"id":787,"date":"2021-01-25T21:57:43","date_gmt":"2021-01-25T21:57:43","guid":{"rendered":"https:\/\/firesupplyhouse.com\/producto\/concentrado-de-espuma-de-alta-expansion-listado-ul-buckeye\/"},"modified":"2024-04-11T20:20:07","modified_gmt":"2024-04-11T20:20:07","slug":"concentrado-de-espuma-de-alta-expansion-listado-ul-buckeye","status":"publish","type":"product","link":"https:\/\/firesupplyhouse.com\/es\/producto\/concentrado-de-espuma-de-alta-expansion-listado-ul-buckeye\/","title":{"rendered":"Espuma concentrada de alta expansi\u00f3n. Listado UL. Casta\u00f1o de Indias"},"content":{"rendered":"<p>Concentrado de espuma de alta expansi\u00f3n (modelo BFC-HXF) Buckeye listado en UL (162). Disponible en bidones de 5gl, 5gls o 265gls.<\/p>","protected":false},"excerpt":{"rendered":"<p>Concentrado de espuma de alta expansi\u00f3n (modelo BFC-HXF) Buckeye listado en UL (162). Disponible en bidones de 5gl, 5gls o 265gls.<\/p>","protected":false},"featured_media":9560,"template":"","meta":{"_et_pb_use_builder":"","_et_pb_old_content":"","_et_gb_content_width":"","_joinchat":[]},"_links":{"self":[{"href":"https:\/\/firesupplyhouse.com\/es\/wp-json\/wp\/v2\/product\/787"}],"collection":[{"href":"https:\/\/firesupplyhouse.com\/es\/wp-json\/wp\/v2\/product"}],"about":[{"href":"https:\/\/firesupplyhouse.com\/es\/wp-json\/wp\/v2\/types\/product"}],"wp:featuredmedia":[{"embeddable":true,"href":"https:\/\/firesupplyhouse.com\/es\/wp-json\/wp\/v2\/media\/9560"}],"wp:attachment":[{"href":"https:\/\/firesupplyhouse.com\/es\/wp-json\/wp\/v2\/media?parent=787"}],"curies":[{"name":"wp","href":"https:\/\/api.w.org\/{rel}","templated":true}]}}